{"id":415,"date":"2021-10-25T15:18:49","date_gmt":"2021-10-25T13:18:49","guid":{"rendered":"http:\/\/www.laguerre-chimie-peinture.fr\/stampa\/"},"modified":"2021-12-16T15:06:03","modified_gmt":"2021-12-16T14:06:03","slug":"stampa","status":"publish","type":"page","link":"https:\/\/laguerre-groupe.fr\/it\/stampa\/","title":{"rendered":"Inchiostri e stampe"},"content":{"rendered":"<p><div class=\"et_d4_element et_pb_section et_pb_section_0 et_pb_with_background  et_pb_css_mix_blend_mode et_section_regular et_block_section\" >\n\t\t\t\t\n\t\t\t\t\n\t\t\t\t\n\t\t\t\t\n\t\t\t\t\n\t\t\t\t\n\t\t\t\t\n\t\t\t\t\n\t\t\t\t\n\t\t\t<\/div><div class=\"et_d4_element et_pb_section et_pb_section_1  et_pb_css_mix_blend_mode et_section_regular et_block_section\" >\n\t\t\t\t\n\t\t\t\t\n\t\t\t\t\n\t\t\t\t\n\t\t\t\t\n\t\t\t\t\n\t\t\t\t<div class=\"et_d4_element et_pb_row et_pb_row_0  et_pb_css_mix_blend_mode et_block_row\">\n\t\t\t\t<div class=\"et_d4_element et_pb_column_4_4 et_pb_column et_pb_column_0  et_pb_css_mix_blend_mode et-last-child et_block_column\">\n\t\t\t\t\n\t\t\t\t\n\t\t\t\t\n\t\t\t\t\n\t\t\t\t<div class=\"et_pb_module et_d4_element et_pb_text et_pb_text_0  et_pb_text_align_left et_pb_bg_layout_light\">\n\t\t\t\t\n\t\t\t\t\n\t\t\t\t\n\t\t\t\t\n\t\t\t\t<div class=\"et_pb_text_inner\"><h1 style=%22line-height: 22.5pt; vertical-align: baseline; margin: 0cm 0cm 18.75pt 0cm;%22>STAMPA<\/h1>\n<p style=%22margin: 0cm; line-height: 16.5pt; vertical-align: baseline;%22>Il Gruppo LAGUERRE sviluppa e produce additivi di bagnatura e prodotti per il lavaggio destinati all\u2019industria della stampa offset, helio e flexo. Il Gruppo Laguerre ha inoltre potenziato la propria offerta con gli inchiostri liquidi helio, flexo, a base solvente, a base acqua e UV.<\/p><\/div>\n\t\t\t<\/div>\n\t\t\t<\/div>\n\t\t\t\t\n\t\t\t\t\n\t\t\t\t\n\t\t\t\t\n\t\t\t<\/div><div class=\"et_d4_element et_pb_row et_pb_row_1  et_pb_css_mix_blend_mode et_block_row\">\n\t\t\t\t<div class=\"et_d4_element et_pb_column_4_4 et_pb_column et_pb_column_1  et_pb_css_mix_blend_mode et-last-child et_block_column\">\n\t\t\t\t\n\t\t\t\t\n\t\t\t\t\n\t\t\t\t\n\t\t\t\t<div class=\"et_pb_module et_d4_element et_pb_text et_pb_text_1  et_pb_text_align_left et_pb_bg_layout_light\">\n\t\t\t\t\n\t\t\t\t\n\t\t\t\t\n\t\t\t\t\n\t\t\t\t<div class=\"et_pb_text_inner\"><h2>Encres<\/h2>\n<p>Fort du rachat de la branche Encres liquides de la soci\u00e9t\u00e9 Brancher, LAGUERRE Encres d\u00e9veloppe, fabrique et vend des encres liquides pour l\u2019h\u00e9liogravure et la flexographie, \u00e0 base d\u2019eau ou de solvant.<\/p>\n<p>Catalogue consultable sur le lien suivant :\u00a0<a href=\"http:\/\/www.laguerre.fr\/wp-content\/uploads\/2018\/01\/Catalogue-gamme-Encres-2017.pdf\">Catalogue gamme Encres<\/a><\/p>\n<p>Les encres en flexographie \u00e0 l\u2019eau, avec les gammes :<br \/><strong>. Amiral<\/strong><br \/>Haute concentration<br \/>Etiquette adh\u00e9sive, carton plat, papier<br \/>d\u2019emballage, sac et pochette.<br \/><strong>. Neptune<\/strong><br \/>Impression de supports thermiques<br \/>Etiquette adh\u00e9sive, billetterie, papier<br \/>d\u2019emballage.<br \/><strong>. Lagon 300<\/strong><br \/>Excellente stabilit\u00e9 machine<br \/>Etiquette adh\u00e9sive, carton plat, papier<br \/>d\u2019emballage, sac et pochette.<br \/><strong>. Odyss\u00e9e<\/strong><br \/>Adh\u00e9rence sur supports synth\u00e9tiques<br \/>Etiquette adh\u00e9sive, billetterie.<br \/><strong>. Fliper<\/strong><br \/>Excellente d\u00e9pouille<br \/>R\u00e9glure de cahier, sac grande contenance, carton,<br \/>pochette.<br \/><strong>. Atoll<\/strong><br \/>Non tuilante<br \/>Enveloppe, teintage.<br \/><strong>. Baltic<\/strong><br \/>Adh\u00e9rence sur films synth\u00e9tiques<br \/>Sac, film industriel.<\/p>\n<p>Les Encres en h\u00e9liogravure solvant avec les gammes :<br \/>.\u00a0<strong>C 25<\/strong><br \/>Jupe et t\u00eate de capsule de surbouchage, coiffe de<br \/>champagne\u2026<br \/><strong>. PVCR<\/strong><br \/>Jupe et t\u00eate de capsule de surbouchage en PVC.<\/p>\n<p>Les encres pour la flexographie \u00e0 base de solvant avec les gammes :<br \/><strong>. Olympe<\/strong><br \/>Bonne tenue \u00e0 l\u2019humidit\u00e9<br \/>Etiquette adh\u00e9sive, papier et carton d\u2019emballage.<br \/><strong>. Atlanta 300<\/strong><br \/>Impressions thermor\u00e9sistantes<br \/>Sac sortie de caisse, sac cabas, sac petite et<br \/>moyenne contenance, film industriel.<br \/><strong>. Corail<\/strong><br \/>Impressions intenses et brillantes<br \/>Sac sortie de caisse, sac cabas, sac petite et<br \/>moyenne contenance, film industriel.<br \/><strong>.V\u00e9nus 300<\/strong><br \/>Haute adh\u00e9rence<br \/>Ruban adh\u00e9sif en PVC<br \/><strong>. PPA 9<\/strong><br \/>Ruban adh\u00e9sif en PP.<\/p>\n<p>Nous d\u00e9veloppons et vendons \u00e9galement toute une gamme de Vernis d\u2019accompagnement.<\/p>\n<p>Ainsi que tous les Produits auxiliaires (additifs, diluants\u2026)<\/p><\/div>\n\t\t\t<\/div>\n\t\t\t<\/div>\n\t\t\t\t\n\t\t\t\t\n\t\t\t\t\n\t\t\t\t\n\t\t\t<\/div><div class=\"et_d4_element et_pb_row et_pb_row_2  et_pb_css_mix_blend_mode et_block_row\">\n\t\t\t\t<div class=\"et_d4_element et_pb_column_4_4 et_pb_column et_pb_column_2  et_pb_css_mix_blend_mode et-last-child et_block_column\">\n\t\t\t\t\n\t\t\t\t\n\t\t\t\t\n\t\t\t\t\n\t\t\t\t<div class=\"et_pb_module et_d4_element et_pb_text et_pb_text_2  et_pb_text_align_left et_pb_bg_layout_light\">\n\t\t\t\t\n\t\t\t\t\n\t\t\t\t\n\t\t\t\t\n\t\t\t\t<div class=\"et_pb_text_inner\"><h2>Produits de laboratoire<\/h2>\n<p><strong>ALUPREP +<\/strong><span>\u00a0<\/span>Produit de nettoyage renforc\u00e9 pour plaques offset.<\/p>\n<p><strong>ALUPREP<\/strong><span>\u00a0<\/span>\u00c9mulsion \u00e0 base aqueuse pour nettoyer et d\u00e9soxyder les plaques offset.<\/p>\n<p><strong>ALUPREP CTP<\/strong><span>\u00a0<\/span>Pour nettoyer et d\u00e9soxyder les plaques offset CTP.<\/p>\n<p><strong>CLEANER PROCESSOR PLAQUES<\/strong><span>\u00a0<\/span>Produit de nettoyage des machines \u00e0 d\u00e9velopper les plaques.<\/p>\n<p><strong>CORRECTEUR POSITIF<\/strong><span>\u00a0<\/span>Gel de correction pour plaques positives.<\/p>\n<p><strong>FILMNET<\/strong><span>\u00a0<\/span>Produit de nettoyage des films.<\/p>\n<p><strong>GOMALU<\/strong><span>\u00a0<\/span>Gomme de protection pour plaques, usage manuel.<\/p>\n<p><strong>GOMME DE CUISSON<\/strong><span>\u00a0<\/span>Solution de cuisson des plaques offset.<\/p>\n<p><strong>GOMME MACHINE<\/strong><span>\u00a0<\/span>Gomme de protection pour plaques, usage en machine.<\/p>\n<p><strong>PREPLAQUES ADN<\/strong><span>\u00a0<\/span>Nettoyeur de plaques.<\/p>\n<p><strong>R\u00c9G\u00c9N\u00c9RATEUR<\/strong><span>\u00a0<\/span>Produit de r\u00e9g\u00e9n\u00e9ration des bains de d\u00e9veloppement des plaques.<\/p>\n<p><strong>R\u00c9V\u00c9LATEUR MACHINE<\/strong><span>\u00a0<\/span>R\u00e9v\u00e9lateur pour plaques positives, \u00e0 utiliser en machine.<\/p>\n<p><strong>R\u00c9V\u00c9LATEUR POSITIF<\/strong><\/p>\n<p><strong>CONCENTR\u00c9 1+4<\/strong><span>\u00a0<\/span>R\u00e9v\u00e9lateur pour plaques positives, \u00e0 diluer 1+4.<\/p>\n<p><strong>CONCENTR\u00c9 1+9<\/strong><span>\u00a0<\/span>R\u00e9v\u00e9lateur pour plaques positives, \u00e0 diluer 1+9.<\/p>\n<p><strong>PR\u00caT \u00c0 L\u2019EMPLOI<\/strong><span>\u00a0<\/span>R\u00e9v\u00e9lateur pour plaques positives, pr\u00eat \u00e0 l\u2019emploi.<\/p>\n<p><strong>R\u00c9V\u00c9LATEUR POUDRE<\/strong><span>\u00a0<\/span>R\u00e9v\u00e9lateur pour plaques positives, en poudre, \u00e0 dissoudre dans l\u2019eau.<\/p>\n<p>Recommand\u00e9 pour l\u2019export.<\/p><\/div>\n\t\t\t<\/div>\n\t\t\t<\/div>\n\t\t\t\t\n\t\t\t\t\n\t\t\t\t\n\t\t\t\t\n\t\t\t<\/div><div class=\"et_d4_element et_pb_row et_pb_row_3  et_pb_css_mix_blend_mode et_block_row\">\n\t\t\t\t<div class=\"et_d4_element et_pb_column_4_4 et_pb_column et_pb_column_3  et_pb_css_mix_blend_mode et-last-child et_block_column\">\n\t\t\t\t\n\t\t\t\t\n\t\t\t\t\n\t\t\t\t\n\t\t\t\t<div class=\"et_pb_module et_d4_element et_pb_text et_pb_text_3  et_pb_text_align_left et_pb_bg_layout_light\">\n\t\t\t\t\n\t\t\t\t\n\t\t\t\t\n\t\t\t\t\n\t\t\t\t<div class=\"et_pb_text_inner\"><h2>Produits divers<\/h2>\n<p><strong>ALCOOL ISOPROPYLIQUE<\/strong><span>\u00a0<\/span>Isopropanol pur.<\/p>\n<p><strong>ANTIALGUES<\/strong><span>\u00a0<\/span>\u00c9vite la formation des algues dans les piscines.<\/p>\n<p><strong>ANTICALCAIRE<\/strong><span>\u00a0<\/span>Solution anti calcaire.<\/p>\n<p><b>BIOCIDE<\/b>\u00a0D\u00e9truit les d\u00e9p\u00f4ts verts et \u00e9vite sa formation, dans les machines \u00e0 d\u00e9velopper et les circuits de mouillage.<\/p>\n<p><strong>BOMBE ANTISICCATIVE<\/strong><span>\u00a0<\/span>\u00c9vite le dess\u00e8chement des encres.<\/p>\n<p><strong>BOMBE ANTISTATIQUE<\/strong><span>\u00a0<\/span>\u00c9vite l\u2019\u00e9lectricit\u00e9 statique.<\/p>\n<p><strong>BOMBE DE DILUANT DE D\u00c9MARRAGE<\/strong><span>\u00a0<\/span>Liqu\u00e9fie l\u2019encre froide.<\/p>\n<p><strong>BOMBE HUILE<\/strong><span>\u00a0<\/span>960<\/p>\n<p><strong>SUPERD\u00c9GRIPPANT<\/strong><span>\u00a0<\/span>Permet de d\u00e9gripper toutes les pi\u00e8ces m\u00e9talliques.<\/p>\n<p><strong>BOMBE SILICONE<\/strong><span>\u00a0<\/span>\u00c9vite le maculage du papier.<\/p>\n<p><strong>DILUANT DE D\u00c9MARRAGE<\/strong><span>\u00a0<\/span>Liqu\u00e9fie l\u2019encre froide.<\/p>\n<p><strong>GLASS CLEANER<\/strong><span>\u00a0<\/span>Produit de nettoyage pour les pi\u00e8ces en verre.<\/p>\n<p><strong>HYDROGAL 505<\/strong><span>\u00a0<\/span>Produit de nettoyage des circuits de mouillage, \u00e9liminant les micro-organismes.<\/p>\n<p><strong>P\u00c2TE \u00c0 VIDE<\/strong><span>\u00a0<\/span>Limite l\u2019\u00e9chauffement des rouleaux sans encre lors du roulage.<\/p>\n<p><strong>POUDRE ANTIMACULANTE<span>\u00a0<\/span><\/strong>\u00c9vite le maculage du papier.<\/p>\n<p><strong>PROTECTION CYLINDRES\u00a0LIQUIDE<\/strong><span>\u00a0<\/span>Limite l\u2019\u00e9chauffement des rouleaux sans encre lors du roulage.<\/p>\n<p><strong>REPBLANCHET<\/strong><span>\u00a0<\/span>Solution de r\u00e9paration des blanchets.<\/p>\n<p><strong>SAVON CR\u00c8ME<\/strong><span>\u00a0<\/span>Gel pour le nettoyage des mains.<\/p>\n<p><strong>SILICONE 35 %<\/strong><span>\u00a0<\/span>\u00c9mulsion silicones \u00e0 35 % de mati\u00e8re active.<\/p>\n<p><strong>SILICONE 60 %<\/strong><span>\u00a0<\/span>\u00c9mulsion silicones \u00e0 60 % de mati\u00e8re active.<\/p>\n<p><strong>STATINET<\/strong><span>\u00a0<\/span>Solution antistatique.<\/p>\n<p><strong>TAL AQUA<\/strong><span>\u00a0<\/span>R\u00e9ducteur de tension superficielle pour eaux de lavage.<\/p><\/div>\n\t\t\t<\/div>\n\t\t\t<\/div>\n\t\t\t\t\n\t\t\t\t\n\t\t\t\t\n\t\t\t\t\n\t\t\t<\/div><div class=\"et_d4_element et_pb_row et_pb_row_4  et_pb_css_mix_blend_mode et_block_row\">\n\t\t\t\t<div class=\"et_d4_element et_pb_column_4_4 et_pb_column et_pb_column_4  et_pb_css_mix_blend_mode et-last-child et_block_column\">\n\t\t\t\t\n\t\t\t\t\n\t\t\t\t\n\t\t\t\t\n\t\t\t\t<div class=\"et_pb_module et_d4_element et_pb_text et_pb_text_4  et_pb_text_align_left et_pb_bg_layout_light\">\n\t\t\t\t\n\t\t\t\t\n\t\t\t\t\n\t\t\t\t\n\t\t\t\t<div class=\"et_pb_text_inner\"><h2>Mat\u00e9riel<\/h2>\n<p><strong>BIDONS PISSETTES DE 1 LITRE<\/strong><span>\u00a0<\/span>Utiles pour le nettoyage manuel des rouleaux.<\/p>\n<p><strong>CONDUCTIM\u00c8TRES<\/strong><span>\u00a0<\/span>Marque HANNA, diff\u00e9rents mod\u00e8les.<\/p>\n<p><strong>LANGUETTE DE DURET\u00c9<\/strong><span>\u00a0<\/span>Bo\u00eete de 100.<\/p>\n<p><strong>LANGUETTE DE pH<\/strong><span>\u00a0<\/span>Par 3 bo\u00eetes.<\/p>\n<p><strong>\u00c9TUI ANTI CHOC POUR pH m\u00e8tre<\/strong><span>\u00a0<\/span>Marque HANNA.<\/p>\n<p><strong>P\u00c8SE ALCOOL<\/strong><span>\u00a0<\/span>Permet de conna\u00eetre le pourcentage d\u2019alcool dans la solution de mouillage.<\/p>\n<p><strong>pH M\u00c8TRE<\/strong><span>\u00a0<\/span>Marque HANNA, diff\u00e9rents mod\u00e8les.<\/p>\n<p><strong>pH M\u00c8TRE CONDUCTIM\u00c8TRES\u00a0COMBIN\u00c9S<\/strong><span>\u00a0<\/span>Marque HANNA, diff\u00e9rents mod\u00e8les.<\/p>\n<p><strong>SOLUTION DE NETTOYAGE\u00a0D\u2019\u00c9LECTRODE pH<\/strong><span>\u00a0<\/span>Marque HANNA.<\/p>\n<p><strong>SOLUTION DE STOCKAGE\u00a0D\u2019\u00c9LECTRODE pH<\/strong><span>\u00a0<\/span>Marque HANNA.<\/p>\n<p><strong>SOLUTION \u00c9TALON<\/strong><span>\u00a0<\/span>1 413 et 12 880 micro siemens\/cm, sachets \u00e0 utilisation unique, flacons 460 ml.<\/p>\n<p><strong>SOLUTION TAMPON<\/strong><span>\u00a0<\/span>pH = 4 \u2013 pH = 7 sachets \u00e0 utilisation unique, flacons 500 ml ou 1 litre.<\/p>\n<p><strong>SONDES DE CONDUCTIM\u00c9TRIE\u00a0DE REMPLACEMENT<\/strong><span>\u00a0<\/span>Marque HANNA.<\/p>\n<p><strong>SONDES pH DE REMPLACEMENT<\/strong><span>\u00a0<\/span>Marque HANNA.<\/p><\/div>\n\t\t\t<\/div>\n\t\t\t<\/div>\n\t\t\t\t\n\t\t\t\t\n\t\t\t\t\n\t\t\t\t\n\t\t\t<\/div><div class=\"et_d4_element et_pb_row et_pb_row_5  et_pb_css_mix_blend_mode et_block_row\">\n\t\t\t\t<div class=\"et_d4_element et_pb_column_4_4 et_pb_column et_pb_column_5  et_pb_css_mix_blend_mode et-last-child et_block_column\">\n\t\t\t\t\n\t\t\t\t\n\t\t\t\t\n\t\t\t\t\n\t\t\t\t<div class=\"et_pb_module et_d4_element et_pb_text et_pb_text_5  et_pb_text_align_left et_pb_bg_layout_light\">\n\t\t\t\t\n\t\t\t\t\n\t\t\t\t\n\t\t\t\t\n\t\t\t\t<div class=\"et_pb_text_inner\"><h2>Produits de lavage<\/h2>\n<p><strong>CLEANER CIRCUIT<\/strong><span>\u00a0<\/span>Produit de nettoyage des circuits de mouillage (feuilles et rotatives).<\/p>\n<p><strong>CLEANER RIN\u00c7AGE CIRCUIT<\/strong><span>\u00a0<\/span>Produit de neutralisation du cleaner circuit.<\/p>\n<p><strong>CR\u00c8ME \u00c0 ROULEAUX LIQUIDE<\/strong><span>\u00a0<\/span>Produit de nettoyage liquide pour rouleaux et blanchets.<\/p>\n<p><strong>CR\u00c8ME \u00c0 ROULEAUX P\u00c2TE<\/strong><span>\u00a0<\/span>P\u00e2te de nettoyage pour rouleaux et blanchets.<\/p>\n<p><strong>DEGLASOLV<\/strong><span>\u00a0<\/span>R\u00e9g\u00e9n\u00e9rateur et d\u00e9glaceur pour rouleaux et blanchets.<\/p>\n<p><strong>DEGLASUP<\/strong><span>\u00a0<\/span>Solution de nettoyage en profondeur pour rouleaux et blanchets.<\/p>\n<p><strong>ECONET<\/strong><span>\u00a0<\/span>Produit de nettoyage des blanchets, rouleaux et pi\u00e8ces m\u00e9caniques, sans hydrocarbures.<\/p>\n<p><strong>LAVAGE BLANCHETS<\/strong><span>\u00a0<\/span>Produit de nettoyage des blanchets.<\/p>\n<p><strong>LAVEUR AUTOMATIQUE<\/strong><span>\u00a0<\/span>Solution de lavage pour les rouleaux encreurs et blanchets des petites presses offset.<\/p>\n<p><strong>LAVEUR B MISCIBLE<\/strong><span>\u00a0<\/span>Produit de nettoyage miscible \u00e0 l\u2019eau.<\/p>\n<p><strong>MANCHONET<\/strong><span>\u00a0<\/span>Produit concentr\u00e9 de lavage de mouilleurs et blanchets.<\/p>\n<p><strong>NUMERONET<\/strong><span>\u00a0<\/span>Produit de nettoyage pour les num\u00e9roteurs.<\/p>\n<p><strong>REINIGER<\/strong><span>\u00a0<\/span>Produit de nettoyage avec fort pouvoir solvant.<\/p>\n<p><strong>R\u00c9NOVATEUR<\/strong><span>\u00a0<\/span>Solution de nettoyage en profondeur pour rouleaux et blanchets.<\/p>\n<p><strong>SOLVECO<\/strong><span>\u00a0<\/span>Solution de lavage pour les rouleaux encreurs et les blanchets.<\/p>\n<p><strong>SOLVECO 40<\/strong><span>\u00a0<\/span>Produit de nettoyage des rouleaux encreurs et blanchets.<\/p>\n<p><strong>SOLVIMPRIM F<\/strong><span>\u00a0<\/span>Produit de nettoyage \u00e0 \u00e9vaporation rapide.<\/p>\n<p><strong>SOLVIMPRIM MIXTE<span>\u00a0<\/span><\/strong>Produit de nettoyage pour encres traditionnelles et encres UV.<\/p>\n<p><strong>SOLVIMPRIM N\u00b0 1<\/strong><span>\u00a0<\/span>Solvant sans aromatique pour le lavage automatique des blanchets, point d\u2019\u00e9clair 62 \u00b0C.<\/p>\n<p><strong>SOLVIMPRIM N\u00b0 6<\/strong><span>\u00a0<\/span>Produit de nettoyage des blanchets, pour utilisation en laveur automatique.<\/p>\n<p><strong>SOLVIMPRIM OS<\/strong><span>\u00a0<\/span>Solution de lavage pour les rouleaux encreurs, les blanchets et les manchons mouilleurs, miscible \u00e0 l\u2019eau.<\/p>\n<p><strong>SOLVNET<\/strong><span>\u00a0<\/span>Produit de nettoyage des b\u00e2tis des machines \u00e0 imprimer, non inflammable, non dangereux.<\/p>\n<p><strong>SOLVIMPRIM UV<\/strong><span>\u00a0<\/span>Produit de lavage des encres UV.<\/p>\n<p><strong>TERAL 273<\/strong><span>\u00a0<\/span>Produit de nettoyage des rouleaux, non inflammable.<\/p><\/div>\n\t\t\t<\/div>\n\t\t\t<\/div>\n\t\t\t\t\n\t\t\t\t\n\t\t\t\t\n\t\t\t\t\n\t\t\t<\/div><div class=\"et_d4_element et_pb_row et_pb_row_6  et_pb_css_mix_blend_mode et_block_row\">\n\t\t\t\t<div class=\"et_d4_element et_pb_column_4_4 et_pb_column et_pb_column_6  et_pb_css_mix_blend_mode et-last-child et_block_column\">\n\t\t\t\t\n\t\t\t\t\n\t\t\t\t\n\t\t\t\t\n\t\t\t\t<div class=\"et_pb_module et_d4_element et_pb_text et_pb_text_6  et_pb_text_align_left et_pb_bg_layout_light\">\n\t\t\t\t\n\t\t\t\t\n\t\t\t\t\n\t\t\t\t\n\t\t\t\t<div class=\"et_pb_text_inner\"><h2>Additifs de mouillage<\/h2>\n<p><strong>HYDROECOL AB<\/strong><span>\u00a0<\/span>Additif de mouillage pour impression sans IPA en machines feuilles, \u00e9vitant le gla\u00e7age des rouleaux.<\/p>\n<p><strong>HYDROECOL D<\/strong><span>\u00a0<\/span>Additif de mouillage recommand\u00e9 sur machines feuilles sans IPA.<\/p>\n<p><strong>HYDROECOL F<\/strong><span>\u00a0<\/span>Additif de mouillage anti calcaire recommand\u00e9 sur Heidelberg et KBA (feuilles), pour impression sans IPA.<\/p>\n<p><strong>HYDROECOL KHD<\/strong><span>\u00a0<\/span>Additif de mouillage anti calcaire recommand\u00e9 sur Komori, Mitsubishi, Ryobi (feuilles), pour impression sans IPA.<\/p>\n<p><strong>HYDROECOL LT2PM<\/strong><span>\u00a0<\/span>Additif de mouillage recommand\u00e9 sur Roland pour impression sans IPA (feuilles).<\/p>\n<p><strong>HYDROECOL UV<\/strong><span>\u00a0<\/span>Additif de mouillage pour impression sur machines feuilles utilisant des encres uv.<\/p>\n<p><strong>HYDROSTABLE 1 %<\/strong><span>\u00a0<\/span>Additif de mouillage traditionnel concentr\u00e9, adapt\u00e9 pour l\u2019export.<\/p>\n<p><strong>HYDROSTABLE N\u00b0 1<\/strong><span>\u00a0<\/span>Additif de mouillage traditionnel pour impression avec alcool.<\/p>\n<p><strong>HYDROSTABLE P<\/strong><span>\u00a0<\/span>Additif de mouillage pour rotatives Cold Set \u00e0 pulv\u00e9risation.<\/p>\n<p><strong>HYDROSTABLE R<\/strong><span>\u00a0<\/span>Additif de mouillage pour rotatives Cold Set avec manchons ou rouleaux nus.<\/p>\n<p><strong>REMIN\u00c9RALISANT<\/strong><span>\u00a0<\/span>Remin\u00e9ralisant pour eau osmos\u00e9e.<\/p>\n<p><strong>SOLUTION DE MOUILLAGE PAE<\/strong><span>\u00a0<\/span>Solution de mouillage pr\u00eate \u00e0 l\u2019emploi (quelque soit l\u2019additif pr\u00e9conis\u00e9).<\/p>\n<p><strong>WEBECOL UV<\/strong><span>\u00a0<\/span>Additif de mouillage pour rotatives Heat Set pour impression sans IPA, avec encres UV.<\/p>\n<p><strong>WEBECOL<\/strong><span>\u00a0<\/span>Additif de mouillage pour rotatives Heat Set pour impression sans IPA<\/p><\/div>\n\t\t\t<\/div>\n\t\t\t<\/div>\n\t\t\t\t\n\t\t\t\t\n\t\t\t\t\n\t\t\t\t\n\t\t\t<\/div>\n\t\t\t\t\n\t\t\t\t\n\t\t\t<\/div><div class=\"et_d4_element et_pb_section et_pb_section_2 et_pb_with_background  et_pb_css_mix_blend_mode et_section_regular et_block_section\" >\n\t\t\t\t\n\t\t\t\t\n\t\t\t\t\n\t\t\t\t\n\t\t\t\t\n\t\t\t\t\n\t\t\t\t<div class=\"et_d4_element et_pb_row et_pb_row_7  et_pb_css_mix_blend_mode et_block_row\">\n\t\t\t\t<div class=\"et_d4_element et_pb_column_4_4 et_pb_column et_pb_column_7  et_pb_css_mix_blend_mode et-last-child et_block_column\">\n\t\t\t\t\n\t\t\t\t\n\t\t\t\t\n\t\t\t\t\n\t\t\t\t<div class=\"et_pb_module et_d4_element et_pb_text et_pb_text_7  et_pb_text_align_left et_pb_bg_layout_light\">\n\t\t\t\t\n\t\t\t\t\n\t\t\t\t\n\t\t\t\t\n\t\t\t\t<div class=\"et_pb_text_inner\"><h2><span style=\"color: #ffffff;\">Documents t\u00e9l\u00e9chargeables:<\/span><\/h2>\n<ul class=\"ul1\">\n<li class=\"li1\"><span class=\"s1\" style=\"color: #ffffff;\"><a href=\"https:\/\/laguerre-groupe.fr\/wp-content\/uploads\/2017\/01\/catalogue-laguerre-chimie-Imprimerie.pdf\" style=\"color: #ffffff;\"><span class=\"s2\">Catalogue imprimerie<\/span><\/a><\/span><\/li>\n<li class=\"li1\"><span class=\"s1\" style=\"color: #ffffff;\"><a href=\"https:\/\/laguerre-groupe.fr\/wp-content\/uploads\/2017\/02\/catalogue-technique-Laguerre-encres-2017-bd.pdf\" style=\"color: #ffffff;\"><span class=\"s2\">Catalogue technique encres<\/span><\/a><\/span><\/li>\n<li class=\"li1\"><span class=\"s1\" style=\"color: #ffffff;\"><a href=\"https:\/\/laguerre-groupe.fr\/wp-content\/uploads\/2018\/01\/Catalogue-gamme-Encres-2017.pdf\" style=\"color: #ffffff;\"><span class=\"s2\">Catalogue gamme encres<\/span><\/a><\/span><\/li>\n<\/ul><\/div>\n\t\t\t<\/div>\n\t\t\t<\/div>\n\t\t\t\t\n\t\t\t\t\n\t\t\t\t\n\t\t\t\t\n\t\t\t<\/div>\n\t\t\t\t\n\t\t\t\t\n\t\t\t<\/div><\/p>\n","protected":false},"excerpt":{"rendered":"","protected":false},"author":1,"featured_media":0,"parent":0,"menu_order":0,"comment_status":"closed","ping_status":"closed","template":"","meta":{"_et_pb_use_builder":"on","_et_pb_old_content":"","_et_gb_content_width":"","footnotes":""},"class_list":["post-415","page","type-page","status-publish","hentry"],"_links":{"self":[{"href":"https:\/\/laguerre-groupe.fr\/it\/wp-json\/wp\/v2\/pages\/415","targetHints":{"allow":["GET"]}}],"collection":[{"href":"https:\/\/laguerre-groupe.fr\/it\/wp-json\/wp\/v2\/pages"}],"about":[{"href":"https:\/\/laguerre-groupe.fr\/it\/wp-json\/wp\/v2\/types\/page"}],"author":[{"embeddable":true,"href":"https:\/\/laguerre-groupe.fr\/it\/wp-json\/wp\/v2\/users\/1"}],"replies":[{"embeddable":true,"href":"https:\/\/laguerre-groupe.fr\/it\/wp-json\/wp\/v2\/comments?post=415"}],"version-history":[{"count":21,"href":"https:\/\/laguerre-groupe.fr\/it\/wp-json\/wp\/v2\/pages\/415\/revisions"}],"predecessor-version":[{"id":2019,"href":"https:\/\/laguerre-groupe.fr\/it\/wp-json\/wp\/v2\/pages\/415\/revisions\/2019"}],"wp:attachment":[{"href":"https:\/\/laguerre-groupe.fr\/it\/wp-json\/wp\/v2\/media?parent=415"}],"curies":[{"name":"wp","href":"https:\/\/api.w.org\/{rel}","templated":true}]}}