{"id":324,"date":"2021-10-25T11:33:51","date_gmt":"2021-10-25T09:33:51","guid":{"rendered":"http:\/\/www.laguerre-chimie-peinture.fr\/il-gruppo\/"},"modified":"2021-10-29T11:50:42","modified_gmt":"2021-10-29T09:50:42","slug":"il-gruppo","status":"publish","type":"page","link":"https:\/\/laguerre-groupe.fr\/it\/il-gruppo\/","title":{"rendered":"Il Gruppo"},"content":{"rendered":"<p><div class=\"et_d4_element et_pb_section et_pb_section_0 et_pb_section_parallax et_pb_with_background  et_pb_css_mix_blend_mode et_section_regular et_block_section\" >\n\t\t\t\t\n\t\t\t\t<span class=\"et_parallax_bg_wrap et-pb-parallax-wrapper\"><span\n\t\t\t\t\t\tclass=\"et_parallax_bg et_parallax_bg--et_pb_section_0\"\n\t\t\t\t\t\tstyle=\"background-image: url(https:\/\/laguerre-groupe.fr\/wp-content\/uploads\/2021\/10\/header-3.jpg);\"\n\t\t\t\t\t><\/span><\/span>\n\t\t\t\t\n\t\t\t\t\n\t\t\t\t\n\t\t\t\t\n\t\t\t\t\n\t\t\t\t\n\t\t\t\t\n\t\t\t<\/div><div class=\"et_d4_element et_pb_section et_pb_section_1  et_pb_css_mix_blend_mode et_section_regular et_block_section\" >\n\t\t\t\t\n\t\t\t\t\n\t\t\t\t\n\t\t\t\t\n\t\t\t\t\n\t\t\t\t\n\t\t\t\t<div class=\"et_d4_element et_pb_row et_pb_row_0  et_pb_css_mix_blend_mode et_block_row\">\n\t\t\t\t<div class=\"et_d4_element et_pb_column_4_4 et_pb_column et_pb_column_0  et_pb_css_mix_blend_mode et-last-child et_block_column\">\n\t\t\t\t\n\t\t\t\t\n\t\t\t\t\n\t\t\t\t\n\t\t\t\t<div class=\"et_pb_module et_d4_element et_pb_text et_pb_text_0  et_pb_text_align_left et_pb_bg_layout_light\">\n\t\t\t\t\n\t\t\t\t\n\t\t\t\t\n\t\t\t\t\n\t\t\t\t<div class=\"et_pb_text_inner\"><h1>IL GRUPPO<\/h1>\n<p>&nbsp;<\/p>\n<p>Fondato nel 1860, il Gruppo Laguerre \u00e8 un'impresa familiare indipendente situata a Saint-\u00c9tienne-du-Rouvray in Normandia. Il gruppo Laguerre \u00e8 specializzato nella fabbricazione di prodotti chimici per l'industria e la costruzione, in particolare pitture, vernici, inchiostri da imballaggio, resine sigillanti, nonch\u00e9 la miscelazione e il confezionamento di tutti i tipi di prodotti per i produttori che desiderano subappaltare una parte della loro attivit\u00e0. Con un organico di una cinquantina di persone, il gruppo ha un fatturato annuo di pi\u00f9 di 10 milioni di euro, il 20% dei quali proviene dalle esportazioni (Europa, Algeria, Taiwan). Il 3% del fatturato \u00e8 dedicato alla ricerca e allo sviluppo. Il gruppo \u00e8 certificato ISO 9001 secondo il certificato allegato che specifica lo scopo della certificazione. La certificazione ISO 14001 \u00e8 in corso di convalida.<\/p>\n<p><a href=\"%22http:\/\/www.laguerre.fr\/wp-content\/uploads\/2016\/09\/Certificat-ISO-9001-VS-2008-exp-SEPT-2018.pdf%22\">Certificazione ISO 9001 VS 2008<\/a><\/p>\n<p>L'azienda copre tutte le funzioni di supporto e produzione, vale a dire: R&amp;S, logistica, produzione, assistenza tecnica, sviluppo aziendale, risorse umane e marketing. Il gruppo ha sviluppato una gamma di vernici speciali per vetro e PVC con il sostegno di Bpifrance, cos\u00ec come inchiostri liquidi in rotocalco, flessografia, a base di acqua o di solvente.<\/p>\n<p><a href=\"%22..\/wp-content\/uploads\/2016\/09\/Plaquette-g%c3%a9n%c3%a9rale-18.pdf%22\">Presentazione generale 18<\/a><\/p><\/div>\n\t\t\t<\/div>\n\t\t\t<\/div>\n\t\t\t\t\n\t\t\t\t\n\t\t\t\t\n\t\t\t\t\n\t\t\t<\/div><div class=\"et_d4_element et_pb_row et_pb_row_1  et_pb_css_mix_blend_mode et_block_row\">\n\t\t\t\t<div class=\"et_d4_element et_pb_column_4_4 et_pb_column et_pb_column_1  et_pb_css_mix_blend_mode et-last-child et_block_column\">\n\t\t\t\t\n\t\t\t\t\n\t\t\t\t\n\t\t\t\t\n\t\t\t\t<div class=\"et_pb_module et_d4_element et_pb_image et_pb_image_0\">\n\t\t\t\t\n\t\t\t\t\n\t\t\t\t\n\t\t\t\t\n\t\t\t\t<span class=\"et_pb_image_wrap has-box-shadow-overlay\"><div class=\"box-shadow-overlay\"><\/div><img loading=\"lazy\" decoding=\"async\" width=\"2560\" height=\"1920\" src=\"https:\/\/laguerre-groupe.fr\/wp-content\/uploads\/2021\/10\/frise-chrono-laguerre-totale-celine-scaled.jpg\" alt=\"\" title=\"Vid\u00e9o et Film\" srcset=\"https:\/\/laguerre-groupe.fr\/wp-content\/uploads\/2021\/10\/frise-chrono-laguerre-totale-celine-scaled.jpg 2560w, https:\/\/laguerre-groupe.fr\/wp-content\/uploads\/2021\/10\/frise-chrono-laguerre-totale-celine-1280x960.jpg 1280w, https:\/\/laguerre-groupe.fr\/wp-content\/uploads\/2021\/10\/frise-chrono-laguerre-totale-celine-980x735.jpg 980w, https:\/\/laguerre-groupe.fr\/wp-content\/uploads\/2021\/10\/frise-chrono-laguerre-totale-celine-480x360.jpg 480w\" sizes=\"(min-width: 0px) and (max-width: 480px) 480px, (min-width: 481px) and (max-width: 980px) 980px, (min-width: 981px) and (max-width: 1280px) 1280px, (min-width: 1281px) 2560px, 100vw\" class=\"wp-image-72\" \/><\/span>\n\t\t\t<\/div>\n\t\t\t<\/div>\n\t\t\t\t\n\t\t\t\t\n\t\t\t\t\n\t\t\t\t\n\t\t\t<\/div>\n\t\t\t\t\n\t\t\t\t\n\t\t\t<\/div><\/p>\n","protected":false},"excerpt":{"rendered":"","protected":false},"author":1,"featured_media":0,"parent":0,"menu_order":0,"comment_status":"closed","ping_status":"closed","template":"","meta":{"_et_pb_use_builder":"on","_et_pb_old_content":"","_et_gb_content_width":"","footnotes":""},"class_list":["post-324","page","type-page","status-publish","hentry"],"amp_enabled":true,"_links":{"self":[{"href":"https:\/\/laguerre-groupe.fr\/it\/wp-json\/wp\/v2\/pages\/324","targetHints":{"allow":["GET"]}}],"collection":[{"href":"https:\/\/laguerre-groupe.fr\/it\/wp-json\/wp\/v2\/pages"}],"about":[{"href":"https:\/\/laguerre-groupe.fr\/it\/wp-json\/wp\/v2\/types\/page"}],"author":[{"embeddable":true,"href":"https:\/\/laguerre-groupe.fr\/it\/wp-json\/wp\/v2\/users\/1"}],"replies":[{"embeddable":true,"href":"https:\/\/laguerre-groupe.fr\/it\/wp-json\/wp\/v2\/comments?post=324"}],"version-history":[{"count":24,"href":"https:\/\/laguerre-groupe.fr\/it\/wp-json\/wp\/v2\/pages\/324\/revisions"}],"predecessor-version":[{"id":1173,"href":"https:\/\/laguerre-groupe.fr\/it\/wp-json\/wp\/v2\/pages\/324\/revisions\/1173"}],"wp:attachment":[{"href":"https:\/\/laguerre-groupe.fr\/it\/wp-json\/wp\/v2\/media?parent=324"}],"curies":[{"name":"wp","href":"https:\/\/api.w.org\/{rel}","templated":true}]}}