{"id":2337,"date":"2025-12-15T14:18:44","date_gmt":"2025-12-15T13:18:44","guid":{"rendered":"https:\/\/laguerre-groupe.fr\/casa\/note-legali\/"},"modified":"2025-12-15T14:18:44","modified_gmt":"2025-12-15T13:18:44","slug":"note-legali","status":"publish","type":"page","link":"https:\/\/laguerre-groupe.fr\/it\/casa\/note-legali\/","title":{"rendered":"NOTE LEGALI"},"content":{"rendered":"<p><div class=\"et_d4_element et_pb_section et_pb_section_0 et_pb_with_background  et_pb_css_mix_blend_mode et_section_regular et_block_section\" >\n\t\t\t\t\n\t\t\t\t\n\t\t\t\t\n\t\t\t\t\n\t\t\t\t\n\t\t\t\t\n\t\t\t\t\n\t\t\t\t\n\t\t\t\t\n\t\t\t<\/div><div class=\"et_d4_element et_pb_section et_pb_section_1  et_pb_css_mix_blend_mode et_section_regular et_block_section\" >\n\t\t\t\t\n\t\t\t\t\n\t\t\t\t\n\t\t\t\t\n\t\t\t\t\n\t\t\t\t\n\t\t\t\t<div class=\"et_d4_element et_pb_row et_pb_row_0  et_pb_css_mix_blend_mode et_block_row\">\n\t\t\t\t<div class=\"et_d4_element et_pb_column_4_4 et_pb_column et_pb_column_0  et_pb_css_mix_blend_mode et-last-child et_block_column\">\n\t\t\t\t\n\t\t\t\t\n\t\t\t\t\n\t\t\t\t\n\t\t\t\t<div class=\"et_pb_module et_d4_element et_pb_text et_pb_text_0  et_pb_text_align_left et_pb_bg_layout_light\">\n\t\t\t\t\n\t\t\t\t\n\t\t\t\t\n\t\t\t\t\n\t\t\t\t<div class=\"et_pb_text_inner\"><p>&nbsp;<\/p>\n<p><\/p>\n<h2><strong>NOTE LEGALI<\/strong><\/h2>\n<p><\/p>\n<h3><strong>Propriet\u00e0<\/strong><\/h3>\n<p><\/p>\n<p>Il sito web accessibile all\u2019indirizzo <strong><a href=\"http:\/\/www.laguerre.fr\/\">www.laguerre.fr<\/a><\/strong> \u00e8 di propriet\u00e0 di:<\/p>\n<p><\/p>\n<p><strong>\u00c9TABLISSEMENTS LAGUERRE<\/strong><br \/>Impasse du Quesnet \u2013 ZI Est<br \/>76800 Saint-\u00c9tienne-du-Rouvray \u2013 Francia<\/p>\n<p><\/p>\n<p>SIRET: 57050496900025<br \/>RCS: Rouen B 570 504 969<br \/>Codice NAF: 2030Z<\/p>\n<p><\/p>\n<hr \/>\n<p><\/p>\n<h3><strong>Direttore della pubblicazione<\/strong><\/h3>\n<p><\/p>\n<p>Il presente sito \u00e8 pubblicato sotto la responsabilit\u00e0 di <strong>Christophe LAGUERRE<\/strong><br \/>(Utilizzare il modulo di contatto)<\/p>\n<p><\/p>\n<hr \/>\n<p><\/p>\n<h3><strong>Progettazione grafica<\/strong><\/h3>\n<p><\/p>\n<p><strong>la-petite-usine-caroline-laguerre<\/strong><br \/>La progettazione grafica del sito \u00e8 stata realizzata da <strong>La Petite Usine<\/strong><\/p>\n<p><\/p>\n<p>167 La Renardi\u00e8re<br \/>76160 Fontaine-sous-Pr\u00e9aux \u2013 Francia<\/p>\n<p><\/p>\n<hr \/>\n<p><\/p>\n<h3><strong>Hosting<\/strong><\/h3>\n<p><\/p>\n<p>Il sito \u00e8 ospitato da:<\/p>\n<p><\/p>\n<p><strong>OVH<\/strong><br \/>2 rue Kellermann<br \/>59100 Roubaix \u2013 Francia<\/p>\n<p><\/p>\n<hr \/>\n<p><\/p>\n<h3><strong>Propriet\u00e0 intellettuale<\/strong><\/h3>\n<p><\/p>\n<p>Il sito <strong><a href=\"http:\/\/www.laguerre.fr\/\">www.laguerre.fr<\/a><\/strong> \u00e8 di propriet\u00e0 ed \u00e8 gestito da <strong>LAGUERRE CHIMIE<\/strong>.<br \/>Tutti gli elementi presenti sul sito, inclusi, a titolo esemplificativo e non esaustivo, testi, fotografie, infografiche, loghi, marchi e nomi di dominio, sono protetti dalla normativa vigente in materia di propriet\u00e0 intellettuale.<\/p>\n<p><\/p>\n<p>Di conseguenza, nessun elemento del sito pu\u00f2 essere copiato, riprodotto, modificato, ripubblicato, caricato, alterato, trasmesso o distribuito, in tutto o in parte, senza la preventiva autorizzazione scritta di <strong>LAGUERRE CHIMIE<\/strong>.<\/p>\n<p><\/p>\n<p>\u00c8 consentita esclusivamente la copia per uso privato, personale e non commerciale, sul proprio computer.<\/p>\n<p><\/p>\n<hr \/>\n<p><\/p>\n<h3><strong>Disponibilit\u00e0 del sito web<\/strong><\/h3>\n<p><\/p>\n<p><strong>LAGUERRE CHIMIE<\/strong> si impegna a fare il possibile per garantire l\u2019accessibilit\u00e0 del sito agli utenti in qualsiasi momento.<br \/>Tuttavia, <strong>LAGUERRE CHIMIE<\/strong> si riserva il diritto di modificare o interrompere, temporaneamente o definitivamente, tutto o parte del sito per operazioni di manutenzione e\/o per apportare miglioramenti e\/o modifiche.<\/p>\n<p><\/p>\n<hr \/>\n<p><\/p>\n<h3><strong>Protezione dei dati personali<\/strong><\/h3>\n<p><\/p>\n<p>Nell\u2019ambito dell\u2019utilizzo del sito, potremmo richiedere la fornitura di dati personali, in particolare in occasione dell\u2019iscrizione alla newsletter o per richieste di informazioni. A seconda dei servizi sottoscritti, alcune informazioni potranno essere obbligatorie o facoltative.<\/p>\n<p><\/p>\n<p><strong>LAGUERRE CHIMIE<\/strong> si impegna a rispettare la vostra privacy e a proteggere i dati personali comunicati. I dati raccolti sono destinati esclusivamente all\u2019uso di <strong>LAGUERRE CHIMIE<\/strong> e non saranno ceduti a terzi senza il vostro previo consenso.<\/p>\n<p><\/p>\n<p>In conformit\u00e0 alla legge francese \u201cInformatique et Libert\u00e9s\u201d del 6 gennaio 1978, avete il diritto di accesso, rettifica, modifica e cancellazione dei dati personali che vi riguardano.<br \/>Tali diritti possono essere esercitati inviando una comunicazione scritta a:<\/p>\n<p><\/p>\n<p><strong>LAGUERRE CHIMIE<\/strong><br \/>Impasse du Quesnet \u2013 ZI Est<br \/>76800 Saint-\u00c9tienne-du-Rouvray \u2013 Francia<\/p><\/div>\n\t\t\t<\/div>\n\t\t\t<\/div>\n\t\t\t\t\n\t\t\t\t\n\t\t\t\t\n\t\t\t\t\n\t\t\t<\/div>\n\t\t\t\t\n\t\t\t\t\n\t\t\t<\/div><\/p>\n","protected":false},"excerpt":{"rendered":"","protected":false},"author":1,"featured_media":0,"parent":317,"menu_order":0,"comment_status":"closed","ping_status":"open","template":"","meta":{"_et_pb_use_builder":"on","_et_pb_old_content":"","_et_gb_content_width":"","footnotes":""},"class_list":["post-2337","page","type-page","status-publish","hentry"],"amp_enabled":true,"_links":{"self":[{"href":"https:\/\/laguerre-groupe.fr\/it\/wp-json\/wp\/v2\/pages\/2337","targetHints":{"allow":["GET"]}}],"collection":[{"href":"https:\/\/laguerre-groupe.fr\/it\/wp-json\/wp\/v2\/pages"}],"about":[{"href":"https:\/\/laguerre-groupe.fr\/it\/wp-json\/wp\/v2\/types\/page"}],"author":[{"embeddable":true,"href":"https:\/\/laguerre-groupe.fr\/it\/wp-json\/wp\/v2\/users\/1"}],"replies":[{"embeddable":true,"href":"https:\/\/laguerre-groupe.fr\/it\/wp-json\/wp\/v2\/comments?post=2337"}],"version-history":[{"count":2,"href":"https:\/\/laguerre-groupe.fr\/it\/wp-json\/wp\/v2\/pages\/2337\/revisions"}],"predecessor-version":[{"id":2339,"href":"https:\/\/laguerre-groupe.fr\/it\/wp-json\/wp\/v2\/pages\/2337\/revisions\/2339"}],"up":[{"embeddable":true,"href":"https:\/\/laguerre-groupe.fr\/it\/wp-json\/wp\/v2\/pages\/317"}],"wp:attachment":[{"href":"https:\/\/laguerre-groupe.fr\/it\/wp-json\/wp\/v2\/media?parent=2337"}],"curies":[{"name":"wp","href":"https:\/\/api.w.org\/{rel}","templated":true}]}}