{"id":650,"date":"2021-10-26T11:38:16","date_gmt":"2021-10-26T09:38:16","guid":{"rendered":"http:\/\/www.laguerre-chimie-peinture.fr\/cuidado-del-vehiculo\/"},"modified":"2021-10-28T12:52:43","modified_gmt":"2021-10-28T10:52:43","slug":"cuidado-del-vehiculo","status":"publish","type":"page","link":"https:\/\/laguerre-groupe.fr\/es\/cuidado-del-vehiculo\/","title":{"rendered":"Cuidado del veh\u00edculo"},"content":{"rendered":"<p><div class=\"et_d4_element et_pb_section et_pb_section_0 et_pb_with_background  et_pb_css_mix_blend_mode et_section_regular et_block_section\" >\n\t\t\t\t\n\t\t\t\t\n\t\t\t\t\n\t\t\t\t\n\t\t\t\t\n\t\t\t\t\n\t\t\t\t\n\t\t\t\t\n\t\t\t\t\n\t\t\t<\/div><div class=\"et_d4_element et_pb_section et_pb_section_1  et_pb_css_mix_blend_mode et_section_regular et_block_section\" >\n\t\t\t\t\n\t\t\t\t\n\t\t\t\t\n\t\t\t\t\n\t\t\t\t\n\t\t\t\t\n\t\t\t\t<div class=\"et_d4_element et_pb_row et_pb_row_0  et_pb_css_mix_blend_mode et_block_row\">\n\t\t\t\t<div class=\"et_d4_element et_pb_column_4_4 et_pb_column et_pb_column_0  et_pb_css_mix_blend_mode et-last-child et_block_column\">\n\t\t\t\t\n\t\t\t\t\n\t\t\t\t\n\t\t\t\t\n\t\t\t\t<div class=\"et_pb_module et_d4_element et_pb_text et_pb_text_0  et_pb_text_align_left et_pb_bg_layout_light\">\n\t\t\t\t\n\t\t\t\t\n\t\t\t\t\n\t\t\t\t\n\t\t\t\t<div class=\"et_pb_text_inner\"><div class=\"custom-heading\">\n<h1>CUIDADO DEL VEH\u00cdCULO<\/h1>\n<\/div>\n<p>El Grupo LAGUERRE elabora y fabrica una gama profesional completa que va del detergente a la cosm\u00e9tica autom\u00f3vil, pasando por el material de aplicaci\u00f3n<\/p><\/div>\n\t\t\t<\/div>\n\t\t\t<\/div>\n\t\t\t\t\n\t\t\t\t\n\t\t\t\t\n\t\t\t\t\n\t\t\t<\/div><div class=\"et_d4_element et_pb_row et_pb_row_1  et_pb_css_mix_blend_mode et_block_row\">\n\t\t\t\t<div class=\"et_d4_element et_pb_column_4_4 et_pb_column et_pb_column_1  et_pb_css_mix_blend_mode et-last-child et_block_column\">\n\t\t\t\t\n\t\t\t\t\n\t\t\t\t\n\t\t\t\t\n\t\t\t\t<div class=\"et_pb_module et_d4_element et_pb_text et_pb_text_1  et_pb_text_align_left et_pb_bg_layout_light\">\n\t\t\t\t\n\t\t\t\t\n\t\t\t\t\n\t\t\t\t\n\t\t\t\t<div class=\"et_pb_text_inner\"><h2>Material<\/h2><\/div>\n\t\t\t<\/div>\n\t\t\t<\/div>\n\t\t\t\t\n\t\t\t\t\n\t\t\t\t\n\t\t\t\t\n\t\t\t<\/div><div class=\"et_d4_element et_pb_row et_pb_row_2  et_pb_css_mix_blend_mode et_block_row\">\n\t\t\t\t<div class=\"et_d4_element et_pb_column_4_4 et_pb_column et_pb_column_2  et_pb_css_mix_blend_mode et-last-child et_block_column\">\n\t\t\t\t\n\t\t\t\t\n\t\t\t\t\n\t\t\t\t\n\t\t\t\t<div class=\"et_pb_module et_d4_element et_pb_text et_pb_text_2  et_pb_text_align_left et_pb_bg_layout_light\">\n\t\t\t\t\n\t\t\t\t\n\t\t\t\t\n\t\t\t\t\n\t\t\t\t<div class=\"et_pb_text_inner\"><h2>Preparaci\u00f3n de veh\u00edculos de segunda mano y veh\u00edculos nuevos<\/h2>\n<hr \/>\n<div class=\"content\">\n<p><strong>Lavacristales concentrado azul:\u00a0\u00a0 <\/strong>Lavacristales concentrado azul sin perfume<\/p>\n<p>Acondicionamiento: Tonel de 210 litros, pal\u00e9 de 4 toneles, contenedor de 1000 litros.<\/p>\n<p><strong>Lavacristales -20\u00b0C azul:\u00a0<\/strong> Lavacristales listo para el empleo<\/p>\n<p>Acondicionamiento: Tonel de 210 litros, pal\u00e9 de 4 toneles, contenedor<\/p>\n<p><strong>Limpiador de vidrios 200:\u00a0<\/strong> Limpiador incoloro de vidrios<\/p>\n<p>Acondicionamiento:<strong> \u00a0<\/strong>5 litros por cart\u00f3n de 4, bid\u00f3n de 20 kg, tonel de 200 kg, contenedor de 1000 kg.<\/p>\n<p><strong>Paroxal 500:\u00a0<\/strong> Ca\u00eddas de part\u00edculas de \u00f3xidos de hierro<\/p>\n<p>Acondicionamiento: Bid\u00f3n de 20 kg, tonel de 200 kg y contenedor de 1000 kg<\/p>\n<p><strong>Limpiador de residuos de cola:<\/strong>\u00a0 Limpiador de residuos de cola.<\/p>\n<p>Acondicionamiento: \u00a05 de litros por cart\u00f3n de 4<\/p>\n<p><strong>Limpiador de llantas:\u00a0<\/strong>\u00a0 Limpiador de llanas y embellecedores. Producto alcalino.<\/p>\n<p>Acondicionamiento: \u00a05 litros por cart\u00f3n de 4, bid\u00f3n de 20 kg, tonel de 200 kg y contenedor de 1000 kg<\/p>\n<p><strong>Limpiador de cera cuerpo hueco:<\/strong>\u00a0 Limpiador de residuos de cera cuerpo hueco. KIA y HYUNDAI<\/p>\n<p>Acondicionamiento: Bid\u00f3n de 20 kg y tonel de 200 kg<\/p>\n<p><strong>Eliminador de mosquitos:<\/strong>\u00a0 Elimina con facilidad los insectos pegados.<\/p>\n<p>Acondicionamiento: 5 litros por cart\u00f3n de 4 y bid\u00f3n de 20 kg<\/p>\n<p><strong>Limpiador de motor:<\/strong>\u00a0 Potente desengrasante<\/p>\n<p>Acondicionamiento: Bid\u00f3n de 20 kg<\/p>\n<p><strong>Limpiador de habit\u00e1culo:\u00a0<\/strong> Limpiador en m\u00e1quina de inyecci\u00f3n extracci\u00f3n de asientos, tejidos de moquetas y pl\u00e1sticos duros.<\/p>\n<p>Acondicionamiento:<strong> \u00a0<\/strong>5 litros por cart\u00f3n de 4, bid\u00f3n de 20 kg y tonel de 200 kg<\/p>\n<p><strong>ESPOL LV 10:<\/strong>\u00a0 Limpiador utilizado para eliminar las trazas residuales sobre la carrocer\u00eda.<\/p>\n<p>Acondicionamiento:<strong> \u00a0<\/strong>5 litros por cart\u00f3n de 4 y bid\u00f3n de 16 kg<\/p>\n<p><strong>Limpiallantas:<\/strong>\u00a0 Para limpiar y desengrasar llantas y embellecedores muy sucios. Producto alcalino.<\/p>\n<p>Acondicionamiento:<strong> \u00a0<\/strong>5 litros por cart\u00f3n de 4 y bid\u00f3n de 20 kg<\/p>\n<\/div><\/div>\n\t\t\t<\/div>\n\t\t\t<\/div>\n\t\t\t\t\n\t\t\t\t\n\t\t\t\t\n\t\t\t\t\n\t\t\t<\/div><div class=\"et_d4_element et_pb_row et_pb_row_3  et_pb_css_mix_blend_mode et_block_row\">\n\t\t\t\t<div class=\"et_d4_element et_pb_column_4_4 et_pb_column et_pb_column_3  et_pb_css_mix_blend_mode et-last-child et_block_column\">\n\t\t\t\t\n\t\t\t\t\n\t\t\t\t\n\t\t\t\t\n\t\t\t\t<div class=\"et_pb_module et_d4_element et_pb_text et_pb_text_3  et_pb_text_align_left et_pb_bg_layout_light\">\n\t\t\t\t\n\t\t\t\t\n\t\t\t\t\n\t\t\t\t\n\t\t\t\t<div class=\"et_pb_text_inner\"><h2><strong>Lavado<\/strong><\/h2>\n<p>DEPRO JN\/F D: 1.08: Desprotector aprobado RNUR para veh\u00edculos nuevos protegidos por una pel\u00edcula de copol\u00edmero acr\u00edlico.<br \/>\nAcondicionamiento: Tonel de 200 kg, contenedor de 1000 kg y a granel<\/p>\n<p>TERAL ESPUMA D: 1.04: Espuma de prelavado de las carrocer\u00edas para p\u00f3rtico multiprogramas<br \/>\nAcondicionamiento: Bid\u00f3n de 20 kg, tonel de 200 kg, contenedor de 1000 kg y bid\u00f3n de 20 kg<\/p>\n<p>TERAL 54 INCOLOREO D: 1.06: Limpieza de carrocer\u00edas de veh\u00edculos ligeros y pesados en pulverizaci\u00f3n<br \/>\nAcondicionamiento: Tonel de 200 kg y contenedor de 1000 kg<\/p>\n<p>CHAMP\u00da P\u00d3RTICO TERAL 64 D: 1.09: El producto elimina las suciedades de todo tipo sobre superficies pintadas y brinda una superficie brillante. Poco espumante.<br \/>\nAcondicionamiento: Bid\u00f3n de 20 kg, tonel de 200 kg y contenedor de 1000 kg<\/p>\n<p>CHAMP\u00da DE P\u00d3RTICO FRESA D: 1: Champ\u00fa con perfume a fresa para p\u00f3rtico multiprogramas.<br \/>\nAcondicionamiento: Bid\u00f3n de 20 kg, tonel de 200 kg y contenedor de 1000 kg<\/p>\n<p>AUTOSECANTE PAE D: 0.99: Secado de las carrocer\u00edas autom\u00f3viles por evaporaci\u00f3n natural.<br \/>\nUtilizaci\u00f3n \u00fanicamente en v\u00e9nturi<br \/>\nAcondicionamiento: Bid\u00f3n de 20 kg, tonel de 200 kg y contenedor de 1000 kg<\/p>\n<p>ACELERADOR DE SECADO CARROCER\u00cdA D: 0.99: Secado de las carrocer\u00edas autom\u00f3viles por evaporaci\u00f3n natural<br \/>\nUtilizaci\u00f3n \u00fanicamente con bomba dosificadora.<br \/>\nAjuste de la bomba: 1.8% \u2013 2%.<br \/>\nAcondicionamiento: Bid\u00f3n de 20 kg, tonel de 200 kg y contenedor de 1000 kg<\/p>\n<p>ELOX CERA 80 D: 0.99: Cera de secado para p\u00f3rtico multiprogramas.<br \/>\nAcondicionamiento: Bid\u00f3n de 20 kg, tonel de 200 kg y contenedor de 1000 kg<\/div>\n\t\t\t<\/div>\n\t\t\t<\/div>\n\t\t\t\t\n\t\t\t\t\n\t\t\t\t\n\t\t\t\t\n\t\t\t<\/div><div class=\"et_d4_element et_pb_row et_pb_row_4  et_pb_css_mix_blend_mode et_block_row\">\n\t\t\t\t<div class=\"et_d4_element et_pb_column_4_4 et_pb_column et_pb_column_4  et_pb_css_mix_blend_mode et-last-child et_block_column\">\n\t\t\t\t\n\t\t\t\t\n\t\t\t\t\n\t\t\t\t\n\t\t\t\t<div class=\"et_pb_module et_d4_element et_pb_text et_pb_text_4  et_pb_text_align_left et_pb_bg_layout_light\">\n\t\t\t\t\n\t\t\t\t\n\t\t\t\t\n\t\t\t\t\n\t\t\t\t<div class=\"et_pb_text_inner\"><h2>Lavado<\/h2>\n<hr \/>\n<div class=\"content\">\n<p><strong>DEPRO JN\/F D: 1.08:<\/strong> \u00a0 Desprotector aprobado RNUR para veh\u00edculos nuevos protegidos por una pel\u00edcula de copol\u00edmero acr\u00edlico.<br \/>Acondicionamiento: Tonel de 200 kg, contenedor de 1000 kg y a granel<\/p>\n<p><strong>TERAL ESPUMA D: 1.04:\u00a0<\/strong> Espuma de prelavado de las carrocer\u00edas para p\u00f3rtico multiprogramas<br \/>Acondicionamiento: Bid\u00f3n de 20 kg, tonel de 200 kg, contenedor de 1000 kg y bid\u00f3n de 20 kg<\/p>\n<p><strong>TERAL 54 INCOLOREO D: 1.06<\/strong>:\u00a0 Limpieza de carrocer\u00edas de veh\u00edculos ligeros y pesados en pulverizaci\u00f3n<br \/>Acondicionamiento: Tonel de 200 kg y contenedor de 1000 kg<\/p>\n<p><strong>CHAMP\u00da P\u00d3RTICO TERAL 64\u00a0 D: 1.09<\/strong>: \u00a0 El producto elimina las suciedades de todo tipo sobre superficies pintadas y brinda una superficie brillante. Poco espumante.<br \/>Acondicionamiento: Bid\u00f3n de 20 kg, tonel de 200 kg y contenedor de 1000 kg<\/p>\n<p><strong>CHAMP\u00da DE P\u00d3RTICO FRESA D: 1<\/strong>:\u00a0 Champ\u00fa con perfume a fresa para p\u00f3rtico multiprogramas.<br \/>Acondicionamiento: Bid\u00f3n de 20 kg, tonel de 200 kg y contenedor de 1000 kg<\/p>\n<p><strong>AUTOSECANTE PAE D: 0.99:<\/strong> \u00a0Secado de las carrocer\u00edas autom\u00f3viles por evaporaci\u00f3n natural.<br \/>Utilizaci\u00f3n \u00fanicamente en v\u00e9nturi<br \/>Acondicionamiento: Bid\u00f3n de 20 kg, tonel de 200 kg y contenedor de 1000 kg<\/p>\n<p><strong>ACELERADOR DE SECADO CARROCER\u00cdA D: 0.99:\u00a0<\/strong> Secado de las carrocer\u00edas autom\u00f3viles por evaporaci\u00f3n natural<br \/>Utilizaci\u00f3n \u00fanicamente con bomba dosificadora.<br \/>Ajuste de la bomba: 1.8% \u2013 2%.<br \/>Acondicionamiento: Bid\u00f3n de 20 kg, tonel de 200 kg y contenedor de 1000 kg<\/p>\n<p><strong>ELOX CERA 80 D: 0.99:\u00a0<\/strong> Cera de secado para p\u00f3rtico multiprogramas.<br \/>Acondicionamiento: Bid\u00f3n de 20 kg, tonel de 200 kg y contenedor de 1000 kg<\/p>\n<\/div><\/div>\n\t\t\t<\/div>\n\t\t\t<\/div>\n\t\t\t\t\n\t\t\t\t\n\t\t\t\t\n\t\t\t\t\n\t\t\t<\/div>\n\t\t\t\t\n\t\t\t\t\n\t\t\t<\/div><\/p>\n","protected":false},"excerpt":{"rendered":"","protected":false},"author":1,"featured_media":0,"parent":0,"menu_order":0,"comment_status":"closed","ping_status":"closed","template":"","meta":{"_et_pb_use_builder":"on","_et_pb_old_content":"","_et_gb_content_width":"","footnotes":""},"class_list":["post-650","page","type-page","status-publish","hentry"],"_links":{"self":[{"href":"https:\/\/laguerre-groupe.fr\/es\/wp-json\/wp\/v2\/pages\/650","targetHints":{"allow":["GET"]}}],"collection":[{"href":"https:\/\/laguerre-groupe.fr\/es\/wp-json\/wp\/v2\/pages"}],"about":[{"href":"https:\/\/laguerre-groupe.fr\/es\/wp-json\/wp\/v2\/types\/page"}],"author":[{"embeddable":true,"href":"https:\/\/laguerre-groupe.fr\/es\/wp-json\/wp\/v2\/users\/1"}],"replies":[{"embeddable":true,"href":"https:\/\/laguerre-groupe.fr\/es\/wp-json\/wp\/v2\/comments?post=650"}],"version-history":[{"count":4,"href":"https:\/\/laguerre-groupe.fr\/es\/wp-json\/wp\/v2\/pages\/650\/revisions"}],"predecessor-version":[{"id":912,"href":"https:\/\/laguerre-groupe.fr\/es\/wp-json\/wp\/v2\/pages\/650\/revisions\/912"}],"wp:attachment":[{"href":"https:\/\/laguerre-groupe.fr\/es\/wp-json\/wp\/v2\/media?parent=650"}],"curies":[{"name":"wp","href":"https:\/\/api.w.org\/{rel}","templated":true}]}}