{"id":525,"date":"2021-10-26T09:50:06","date_gmt":"2021-10-26T07:50:06","guid":{"rendered":"http:\/\/www.laguerre-chimie-peinture.fr\/tratamiento-de-superficie\/"},"modified":"2021-10-28T12:00:27","modified_gmt":"2021-10-28T10:00:27","slug":"tratamiento-de-superficie","status":"publish","type":"page","link":"https:\/\/laguerre-groupe.fr\/es\/tratamiento-de-superficie\/","title":{"rendered":"Tratamiento de superficie"},"content":{"rendered":"<p><div class=\"et_d4_element et_pb_section et_pb_section_0 et_pb_with_background  et_pb_css_mix_blend_mode et_section_regular et_block_section\" >\n\t\t\t\t\n\t\t\t\t\n\t\t\t\t\n\t\t\t\t\n\t\t\t\t\n\t\t\t\t\n\t\t\t\t\n\t\t\t\t\n\t\t\t\t\n\t\t\t<\/div><div class=\"et_d4_element et_pb_section et_pb_section_1  et_pb_css_mix_blend_mode et_section_regular et_block_section\" >\n\t\t\t\t\n\t\t\t\t\n\t\t\t\t\n\t\t\t\t\n\t\t\t\t\n\t\t\t\t\n\t\t\t\t<div class=\"et_d4_element et_pb_row et_pb_row_0  et_pb_css_mix_blend_mode et_block_row\">\n\t\t\t\t<div class=\"et_d4_element et_pb_column_4_4 et_pb_column et_pb_column_0  et_pb_css_mix_blend_mode et-last-child et_block_column\">\n\t\t\t\t\n\t\t\t\t\n\t\t\t\t\n\t\t\t\t\n\t\t\t\t<div class=\"et_pb_module et_d4_element et_pb_text et_pb_text_0  et_pb_text_align_left et_pb_bg_layout_light\">\n\t\t\t\t\n\t\t\t\t\n\t\t\t\t\n\t\t\t\t\n\t\t\t\t<div class=\"et_pb_text_inner\"><div class=\"custom-heading\">\n<h1>TRATAMIENTO DE SUPERFICIE<\/h1>\n<\/div>\n<p>El Grupo LAGUERRE elabora y fabrica productos de tratamiento de superficie que van de decapantes para la construcci\u00f3n, industriales, a los inhibidores de corrosi\u00f3n \u00e1cidos o alcalinos, decapantes, desoxidantes, antiespumas y ennegrecedores.<\/p><\/div>\n\t\t\t<\/div>\n\t\t\t<\/div>\n\t\t\t\t\n\t\t\t\t\n\t\t\t\t\n\t\t\t\t\n\t\t\t<\/div><div class=\"et_d4_element et_pb_row et_pb_row_1  et_pb_css_mix_blend_mode et_block_row\">\n\t\t\t\t<div class=\"et_d4_element et_pb_column_4_4 et_pb_column et_pb_column_1  et_pb_css_mix_blend_mode et-last-child et_block_column\">\n\t\t\t\t\n\t\t\t\t\n\t\t\t\t\n\t\t\t\t\n\t\t\t\t<div class=\"et_pb_module et_d4_element et_pb_text et_pb_text_1  et_pb_text_align_left et_pb_bg_layout_light\">\n\t\t\t\t\n\t\t\t\t\n\t\t\t\t\n\t\t\t\t\n\t\t\t\t<div class=\"et_pb_text_inner\"><h2>Revestimientos de protecci\u00f3n<\/h2>\n<hr \/>\n<div class=\"content\">\n<p><b>ACA COAT N\u00b0 1<\/b> Revestimiento protector anticorrosi\u00f3n y antidesincrustaci\u00f3n, a aplicar sobre toda superficie\u00a0met\u00e1lica en contacto con agua caliente.<\/p>\n<p><b>L\u00cdQUIDO N\u00b0 10<\/b> Producto destinado al bronceado en fr\u00edo de las piezas met\u00e1licas de acero.<\/p>\n<p><b>ELOX HS 1412<\/b> Barniz de protecci\u00f3n temporal de las superficies pintadas, producto solventado.<\/p>\n<p><b>ELOX CIRE 80<\/b> Producto de acabado de lavado de las carrocer\u00edas.<\/p>\n<p><b>ELOX DWT 100<\/b> Producto de acabado de lavado de las carrocer\u00edas a base de tensioactivos\u00a0no i\u00f3nicos y cati\u00f3nicos.<\/p>\n<p><b>GALOXIDE 200 ALU<\/b> L\u00edquido en fase solventada, utilizado para la\u00a0protecci\u00f3n\u00a0temporal contra la corrosi\u00f3n de los metales.<\/p>\n<p><b>PLASTELOX 150 NP<\/b> Pertenece a una familia de productos de embalaje pl\u00e1stico que se pueden aplicar en caliente en gran cantidad de piezas mec\u00e1nicas, el\u00e9ctricas, herramientas, etc.<\/p>\n<\/div><\/div>\n\t\t\t<\/div>\n\t\t\t<\/div>\n\t\t\t\t\n\t\t\t\t\n\t\t\t\t\n\t\t\t\t\n\t\t\t<\/div><div class=\"et_d4_element et_pb_row et_pb_row_2  et_pb_css_mix_blend_mode et_block_row\">\n\t\t\t\t<div class=\"et_d4_element et_pb_column_4_4 et_pb_column et_pb_column_2  et_pb_css_mix_blend_mode et-last-child et_block_column\">\n\t\t\t\t\n\t\t\t\t\n\t\t\t\t\n\t\t\t\t\n\t\t\t\t<div class=\"et_pb_module et_d4_element et_pb_text et_pb_text_2  et_pb_text_align_left et_pb_bg_layout_light\">\n\t\t\t\t\n\t\t\t\t\n\t\t\t\t\n\t\t\t\t\n\t\t\t\t<div class=\"et_pb_text_inner\"><h2>Tratamiento de metales<\/h2>\n<hr \/>\n<div class=\"content\">\n<p><b>SOLPIP 32<\/b> Mezcla a base de \u00e1cido fosf\u00f3rico, dise\u00f1ada para desincrustar redes que tienen acero y acero inoxidable.<\/p>\n<p><b>SOLPIP 855<\/b> A base de \u00e1cido fosf\u00f3rico, se utiliza para desincrustar redes que tienen acero, acero inoxidable. Realiza la pasivaci\u00f3n de superficies met\u00e1licas.<\/p>\n<\/div><\/div>\n\t\t\t<\/div>\n\t\t\t<\/div>\n\t\t\t\t\n\t\t\t\t\n\t\t\t\t\n\t\t\t\t\n\t\t\t<\/div><div class=\"et_d4_element et_pb_row et_pb_row_3  et_pb_css_mix_blend_mode et_block_row\">\n\t\t\t\t<div class=\"et_d4_element et_pb_column_4_4 et_pb_column et_pb_column_3  et_pb_css_mix_blend_mode et-last-child et_block_column\">\n\t\t\t\t\n\t\t\t\t\n\t\t\t\t\n\t\t\t\t\n\t\t\t\t<div class=\"et_pb_module et_d4_element et_pb_text et_pb_text_3  et_pb_text_align_left et_pb_bg_layout_light\">\n\t\t\t\t\n\t\t\t\t\n\t\t\t\t\n\t\t\t\t\n\t\t\t\t<div class=\"et_pb_text_inner\"><h2>Desengrasantes<\/h2>\n<hr \/>\n<div class=\"content\">\n<p><i>\u00c1CIDO\u00a0\u00a0 \u00a0\u00a0\u00a0\u00a0<\/i><\/p>\n<p><i>\u00a0\u00a0\u00a0\u00a0\u00a0\u00a0\u00a0\u00a0\u00a0\u00a0 \u00a0\u00a0\u00a0\u00a0\u00a0\u00a0\u00a0\u00a0\u00a0\u00a0\u00a0\u00a0\u00a0\u00a0\u00a0 \u00a0\u00a0\u00a0\u00a0\u00a0\u00a0\u00a0\u00a0\u00a0\u00a0\u00a0\u00a0\u00a0\u00a0\u00a0 \u00a0\u00a0\u00a0\u00a0\u00a0\u00a0\u00a0\u00a0\u00a0\u00a0\u00a0\u00a0\u00a0\u00a0\u00a0 \u00a0\u00a0\u00a0\u00a0\u00a0\u00a0\u00a0\u00a0\u00a0\u00a0\u00a0\u00a0\u00a0\u00a0\u00a0 \u00a0\u00a0\u00a0\u00a0\u00a0\u00a0\u00a0\u00a0\u00a0\u00a0\u00a0\u00a0\u00a0\u00a0\u00a0 \u00a0<\/i><\/p>\n<p><b>CHIM ALU:<\/b>\u00a0Desengrasante y desoxidante para aluminio (incluso anodizado).<\/p>\n<p><b>CHIM INOX<\/b>:\u00a0Permite reparar los aceros inoxidables.<\/p>\n<p><b>CMG73<\/b>: Desengrasante para materiales de acero inoxidable.<\/p>\n<p><b><\/b><b>GALVA CLEAN ACIDE<\/b>: Ba\u00f1o de desengrasado para metales ferrosos.<\/p>\n<p><b>NETPHOS HP<\/b>: Desengrasa, desoxida y fosfata las superficies de acero y aluminio.\u00a0Protege temporalmente y favorece el agarre de la pintura.<\/p>\n<p><b>NETPHOS 50<\/b>: Elimina la herrumbre, el \u00f3xido y la incrustaci\u00f3n en soportes met\u00e1licos.<\/p>\n<p><b>DECAPANTE DE ACERO INOXIDABLE GEL \/LQ<\/b>: Fosfata temporalmente las piezas.\u00a0Potente decapante. Elimina los cordones de soldadura y reaviva los aceros inoxidables.<\/p>\n<p><i>ALCALINO\u00a0\u00a0\u00a0\u00a0\u00a0\u00a0\u00a0\u00a0\u00a0\u00a0\u00a0\u00a0\u00a0 \u00a0\u00a0\u00a0\u00a0\u00a0\u00a0\u00a0\u00a0\u00a0\u00a0\u00a0\u00a0\u00a0\u00a0 \u00a0\u00a0\u00a0\u00a0\u00a0\u00a0\u00a0\u00a0\u00a0\u00a0\u00a0\u00a0\u00a0\u00a0\u00a0 \u00a0\u00a0\u00a0\u00a0\u00a0\u00a0\u00a0\u00a0\u00a0\u00a0\u00a0\u00a0\u00a0\u00a0\u00a0 \u00a0\u00a0\u00a0\u00a0\u00a0\u00a0\u00a0\u00a0\u00a0\u00a0\u00a0\u00a0\u00a0\u00a0\u00a0 \u00a0\u00a0\u00a0\u00a0\u00a0\u00a0\u00a0\u00a0\u00a0\u00a0\u00a0\u00a0\u00a0\u00a0\u00a0 \u00a0\u00a0\u00a0\u00a0\u00a0\u00a0\u00a0\u00a0\u00a0\u00a0\u00a0\u00a0\u00a0\u00a0\u00a0 \u00a0<\/i><\/p>\n<p><b>DEPSA<\/b>:\u00a0Concentrado sin solvente, \u00e1cido, fosfato ni sosa.\u00a0Elimina las trazas de humos, grasas, hollines, tintas\u00a0sobre cer\u00e1micas, pl\u00e1sticos, madera, as\u00ed como las trazas de neum\u00e1ticos\u00a0sobre suelos de talleres.<\/p>\n<p><b>PRONET 264<\/b>: Limpiador industrial polifuncional, elimina todas las suciedades y dep\u00f3sitos en todo tipo de superficie de cualquier soporte.<\/p>\n<p><b>DALCA 20<\/b>: Suelo, s\u00edmil de cuero, pl\u00e1stico y vinilo. Prepara los soportes antes de pintar.<\/p>\n<p><b>DESENGRASANTE ST<\/b>:\u00a0Suelos de talleres muy sucios y grasos.<\/p>\n<p><i>SOLVENTE\u00a0<\/i><\/p>\n<p><b>DESENGRASANTE V103<\/b>: L\u00edquido que se puede emulsionar para motores, piezas mec\u00e1nicas y\u00a0suelos muy sucios.<\/p>\n<p><b>ERGEOL<\/b>: Desengrasante industrial.<\/p>\n<p><b>RIG WASH<\/b>: Emulsificante en fr\u00edo estudiado para diluirse con gas\u00f3leo, fuel, esp\u00edritu de petr\u00f3leo,\u00a0petr\u00f3leo, tolueno y gasolina. No ataca los metales.\u00a0Se caracteriza por un elevando punto de inflamaci\u00f3n.<\/p>\n<p><b>SOLVATEC SC40\/60<\/b>:\u00a0Eficaz sobre todas las superficies, incluso pintadas. Secado r\u00e1pido, no graso.<\/p>\n<p><b>SOPDEG 4<\/b>:\u00a0Listo para el empleo. Disuelve la grasa, el aceite y la parafina. No ataca los metales.<\/p>\n<\/div><\/div>\n\t\t\t<\/div>\n\t\t\t<\/div>\n\t\t\t\t\n\t\t\t\t\n\t\t\t\t\n\t\t\t\t\n\t\t\t<\/div><div class=\"et_d4_element et_pb_row et_pb_row_4  et_pb_css_mix_blend_mode et_block_row\">\n\t\t\t\t<div class=\"et_d4_element et_pb_column_4_4 et_pb_column et_pb_column_4  et_pb_css_mix_blend_mode et-last-child et_block_column\">\n\t\t\t\t\n\t\t\t\t\n\t\t\t\t\n\t\t\t\t\n\t\t\t\t<div class=\"et_pb_module et_d4_element et_pb_text et_pb_text_4  et_pb_text_align_left et_pb_bg_layout_light\">\n\t\t\t\t\n\t\t\t\t\n\t\t\t\t\n\t\t\t\t\n\t\t\t\t<div class=\"et_pb_text_inner\"><h2>Decapantes<\/h2>\n<hr \/>\n<div class=\"content\">\n<p><i>\u00c1CIDO<\/i><\/p>\n<p><b>PROCAP 215 GEL<\/b>: Decapante \u00e1cido, act\u00faa sobre la mayor\u00eda de las pinturas. Se aplica sobre hormig\u00f3n, piedras, ladrillos, madera y aleaciones ligeras.<\/p>\n<p><b>PROCAP NG4 LQ\/SF\/GEL<\/b>: Decapante \u00e1cido. Act\u00faa sobre la mayor\u00eda de las pinturas, barnices, resinas, glaseados y colas. Se utiliza sobre metales ferrosos y madera.<\/p>\n<p><i>ALCALINO<\/i><\/p>\n<p><b>PROCAP 164 LQ \/ GEL<\/b>: Decapante para pintura alcalina. Act\u00faa sobre soportes de tefl\u00f3n, acero inoxidable y lat\u00f3n. Se aplica sobre los revestimientos a base de resina epoxy.<\/p>\n<p><b>PROCAP 50 GEL<\/b>: Polvo de decapado econ\u00f3mico y potente. Elimina las pinturas al temple.<\/p>\n<p><i>NEUTRO<\/i><\/p>\n<p><b>PROCAP INNOV GEL<\/b>: Decapante neutro. Elimina pinturas, barnices, glaseados, masillas, enlucidos de grasa y colas, as\u00ed como residuos secos.<\/p>\n<\/div><\/div>\n\t\t\t<\/div>\n\t\t\t<\/div>\n\t\t\t\t\n\t\t\t\t\n\t\t\t\t\n\t\t\t\t\n\t\t\t<\/div>\n\t\t\t\t\n\t\t\t\t\n\t\t\t<\/div><\/p>\n","protected":false},"excerpt":{"rendered":"","protected":false},"author":1,"featured_media":0,"parent":0,"menu_order":0,"comment_status":"closed","ping_status":"closed","template":"","meta":{"_et_pb_use_builder":"on","_et_pb_old_content":"","_et_gb_content_width":"","footnotes":""},"class_list":["post-525","page","type-page","status-publish","hentry"],"_links":{"self":[{"href":"https:\/\/laguerre-groupe.fr\/es\/wp-json\/wp\/v2\/pages\/525","targetHints":{"allow":["GET"]}}],"collection":[{"href":"https:\/\/laguerre-groupe.fr\/es\/wp-json\/wp\/v2\/pages"}],"about":[{"href":"https:\/\/laguerre-groupe.fr\/es\/wp-json\/wp\/v2\/types\/page"}],"author":[{"embeddable":true,"href":"https:\/\/laguerre-groupe.fr\/es\/wp-json\/wp\/v2\/users\/1"}],"replies":[{"embeddable":true,"href":"https:\/\/laguerre-groupe.fr\/es\/wp-json\/wp\/v2\/comments?post=525"}],"version-history":[{"count":7,"href":"https:\/\/laguerre-groupe.fr\/es\/wp-json\/wp\/v2\/pages\/525\/revisions"}],"predecessor-version":[{"id":906,"href":"https:\/\/laguerre-groupe.fr\/es\/wp-json\/wp\/v2\/pages\/525\/revisions\/906"}],"wp:attachment":[{"href":"https:\/\/laguerre-groupe.fr\/es\/wp-json\/wp\/v2\/media?parent=525"}],"curies":[{"name":"wp","href":"https:\/\/api.w.org\/{rel}","templated":true}]}}