{"id":512,"date":"2021-10-26T09:44:57","date_gmt":"2021-10-26T07:44:57","guid":{"rendered":"http:\/\/www.laguerre-chimie-peinture.fr\/impresion\/"},"modified":"2021-10-28T12:04:13","modified_gmt":"2021-10-28T10:04:13","slug":"impresion","status":"publish","type":"page","link":"https:\/\/laguerre-groupe.fr\/es\/impresion\/","title":{"rendered":"Impresi\u00f3n"},"content":{"rendered":"<p><div class=\"et_d4_element et_pb_section et_pb_section_0 et_pb_with_background  et_pb_css_mix_blend_mode et_section_regular et_block_section\" >\n\t\t\t\t\n\t\t\t\t\n\t\t\t\t\n\t\t\t\t\n\t\t\t\t\n\t\t\t\t\n\t\t\t\t\n\t\t\t\t\n\t\t\t\t\n\t\t\t<\/div><div class=\"et_d4_element et_pb_section et_pb_section_1  et_pb_css_mix_blend_mode et_section_regular et_block_section\" >\n\t\t\t\t\n\t\t\t\t\n\t\t\t\t\n\t\t\t\t\n\t\t\t\t\n\t\t\t\t\n\t\t\t\t<div class=\"et_d4_element et_pb_row et_pb_row_0  et_pb_css_mix_blend_mode et_block_row\">\n\t\t\t\t<div class=\"et_d4_element et_pb_column_4_4 et_pb_column et_pb_column_0  et_pb_css_mix_blend_mode et-last-child et_block_column\">\n\t\t\t\t\n\t\t\t\t\n\t\t\t\t\n\t\t\t\t\n\t\t\t\t<div class=\"et_pb_module et_d4_element et_pb_text et_pb_text_0  et_pb_text_align_left et_pb_bg_layout_light\">\n\t\t\t\t\n\t\t\t\t\n\t\t\t\t\n\t\t\t\t\n\t\t\t\t<div class=\"et_pb_text_inner\"><h1 22=\"\" 5pt=\"\" vertical-align:=\"\" baseline=\"\" margin:=\"\" 0cm=\"\" 18=\"\" 75pt=\"\"><span 22=\"\" 5pt=\"\" font-family:=\"\" arial=\"\" sans-serif=\"\" color:=\"\" 333333=\"\" text-transform:=\"\" uppercase=\"\" font-weight:=\"\" normal=\"\">IMPRESI\u00d3N<\/span><\/h1>\n<p>El grupo LAGUERRE desarrolla y fabrica aditivos de mojado y productos de lavado para las industrias de impresi\u00f3n offset, huecograbado y flexograf\u00eda. El grupo Laguerre tambi\u00e9n ha desarrollado su gama con tintas l\u00edquidas para huecograbado y flexograf\u00eda, a base de agua y de disolvente.<\/p>\n<p>&nbsp;<\/p><\/div>\n\t\t\t<\/div>\n\t\t\t<\/div>\n\t\t\t\t\n\t\t\t\t\n\t\t\t\t\n\t\t\t\t\n\t\t\t<\/div><div class=\"et_d4_element et_pb_row et_pb_row_1  et_pb_css_mix_blend_mode et_block_row\">\n\t\t\t\t<div class=\"et_d4_element et_pb_column_4_4 et_pb_column et_pb_column_1  et_pb_css_mix_blend_mode et-last-child et_block_column\">\n\t\t\t\t\n\t\t\t\t\n\t\t\t\t\n\t\t\t\t\n\t\t\t\t<div class=\"et_pb_module et_d4_element et_pb_text et_pb_text_1  et_pb_text_align_left et_pb_bg_layout_light\">\n\t\t\t\t\n\t\t\t\t\n\t\t\t\t\n\t\t\t\t\n\t\t\t\t<div class=\"et_pb_text_inner\"><h2>Tintas<\/h2>\n<hr \/>\n<div class=\"content\">\n<p>Gracias a la compra de la rama Tintas l\u00edquidas de la sociedad Brancher, LAGUERRE Encres desarrolla, fabrica y vende tintas l\u00edquidas, heliograf\u00eda, flexograf\u00eda, agua, solventadas y UV.<\/p>\n<p>Cat\u00e1logo que se puede consultar en el siguiente v\u00ednculo:\u00a0<a href=\"..\/..\/wp-content\/uploads\/2018\/01\/Catalogue-gamme-Encres-2017.pdf\">Cat\u00e1logo de la gama de tintas 2017<\/a><\/p>\n<p>Las tintas flexo al agua, con las gamas:<br \/><strong>. Amiral<\/strong><br \/>Alta concentraci\u00f3n<br \/>Etiqueta adhesiva, cart\u00f3n plano, papel<br \/>de embalaje, bolsa y funda.<br \/><strong>. Neptune<\/strong><br \/>Impresi\u00f3n de soportes t\u00e9rmicos<br \/>Etiqueta adhesiva, billeter\u00eda, papel<br \/>para embalaje.<br \/><strong>. Lagon 300<\/strong><br \/>Excelente estabilidad en la m\u00e1quina<br \/>Etiqueta adhesiva, cart\u00f3n plano, papel<br \/>para embalaje, bolsa y funda.<br \/><strong>. Odyss\u00e9e<\/strong><br \/>Adherencia sobre soportes sint\u00e9ticos<br \/>Etiqueta adhesiva y billeter\u00eda.<br \/><strong>. Fliper<\/strong><br \/>Excelente d\u00e9pouille<br \/>Rayado de libretas, bolsa de gran contenido, cart\u00f3n,<br \/>funda.<br \/><strong>. Atoll<\/strong><br \/>No tuilante<br \/>Sobre, tintedo.<br \/><strong>. Baltic<\/strong><br \/>Adherencia sobre pel\u00edculas sint\u00e9ticas<br \/>Bolsa y pel\u00edcula industrial.<\/p>\n<p>Las tintas heliogr\u00e1ficas solventes con las gamas:<br \/>. <strong>C 25<\/strong><br \/>Fald\u00f3n y cabeza de c\u00e1psula de sobretaponado, papel de aluminio del <br \/>champa\u00f1a\u2026<br \/><strong>. PVCR<\/strong><br \/>Fald\u00f3n y cabeza de c\u00e1psula de sobretaponado de PVC.<\/p>\n<p>Las tintas Flexo solvente con las gamas:<br \/><strong>. Olympe<\/strong><br \/>Buena resistencia a la humedad<br \/>Etiqueta adhesiva, papel y cart\u00f3n de embalaje.<br \/><strong>. Atlanta 300<\/strong><br \/>Impresiones termorresistente<br \/>Bolsa de supermercado, bolsa de compra, bolsa de peque\u00f1o y<br \/>mediano contenido y pel\u00edcula industrial.<br \/><strong>. Corail<\/strong><br \/>Impresiones intensas y brillantes<br \/>Bolsa de supermercado, bolsa de compra, bolsa de peque\u00f1o y<br \/>mediano contenido y pel\u00edcula industrial.<br \/><strong>V\u00e9nus 300<\/strong><br \/>Elevada adherencia<br \/>Cinta adhesiva de PVC<br \/><strong>. PPA 9<\/strong><br \/>Cinta adhesiva de polipropileno.<\/p>\n<p>Tambi\u00e9n desarrollamos y vendemos toda una gama de barnices de acompa\u00f1amiento.<\/p>\n<p>As\u00ed como todos los productos auxiliares (aditivos, diluyentes\u2026)<\/p>\n<\/div><\/div>\n\t\t\t<\/div>\n\t\t\t<\/div>\n\t\t\t\t\n\t\t\t\t\n\t\t\t\t\n\t\t\t\t\n\t\t\t<\/div><div class=\"et_d4_element et_pb_row et_pb_row_2  et_pb_css_mix_blend_mode et_block_row\">\n\t\t\t\t<div class=\"et_d4_element et_pb_column_4_4 et_pb_column et_pb_column_2  et_pb_css_mix_blend_mode et-last-child et_block_column\">\n\t\t\t\t\n\t\t\t\t\n\t\t\t\t\n\t\t\t\t\n\t\t\t\t<div class=\"et_pb_module et_d4_element et_pb_text et_pb_text_2  et_pb_text_align_left et_pb_bg_layout_light\">\n\t\t\t\t\n\t\t\t\t\n\t\t\t\t\n\t\t\t\t\n\t\t\t\t<div class=\"et_pb_text_inner\"><h2>Productos para laboratorio<\/h2>\n<hr \/>\n<div class=\"content\">\n<p><b>ALUPREP +<\/b> Producto de limpieza reforzado para placas offset.<\/p>\n<p><b>ALUPREP<\/b> Emulsi\u00f3n con base acuosa para limpiar y dexocidar las placas offset.<\/p>\n<p><b>ALUPREP CTP<\/b> Para limpiar y desoxidar las placas offset CTP.<\/p>\n<p><b>CLEANER PROCESSOR PARA PLACAS<\/b> Producto de limpieza de m\u00e1quinas para desarrollar placas.<\/p>\n<p><b>CORRECTOR POSITIVO<\/b> Gel de correcci\u00f3n para placas positivas.<\/p>\n<p><b>FILMNET<\/b> Producto de limpieza de las pel\u00edculas.<\/p>\n<p><b>GOMALU<\/b> Goma de protecci\u00f3n para placas, uso manual.<\/p>\n<p><b>GOMA DE COCCI\u00d3N<\/b> Soluci\u00f3n de cocci\u00f3n de las placas offset.<\/p>\n<p><b>GOMA PARA M\u00c1QUINA<\/b> Goma de protecci\u00f3n para placas, uso en m\u00e1quina.<\/p>\n<p><b>PREPLACAS ADN<\/b> Limpiador de placas.<\/p>\n<p><b>REGENERADOR<\/b> Producto de regeneraci\u00f3n de ba\u00f1os de desarrollo de placas.<\/p>\n<p><b>REVELADOR M\u00c1QUINA<\/b> Revelador para placas positivas, a utilizar en m\u00e1quina.<\/p>\n<p><b>REVELADOR POSITIVO<\/b><\/p>\n<p><b>CONCENTRADO 1+4<\/b> Revelador para placas positivas, a diluir 1+4.<\/p>\n<p><b>CONCENTRADO 1+9<\/b> Revelador para placas positivas, a diluir 1+9.<\/p>\n<p><b>LISTO PARA EL EMPLEO<\/b> Revelador para placas positivas, listo para el empleo.<\/p>\n<p><b>REVELADOR POLVO<\/b> Revelador para placas positivas, en polvo, a disolver en agua.<\/p>\n<p>Recomendado para la exportaci\u00f3n.<\/p>\n<\/div><\/div>\n\t\t\t<\/div>\n\t\t\t<\/div>\n\t\t\t\t\n\t\t\t\t\n\t\t\t\t\n\t\t\t\t\n\t\t\t<\/div><div class=\"et_d4_element et_pb_row et_pb_row_3  et_pb_css_mix_blend_mode et_block_row\">\n\t\t\t\t<div class=\"et_d4_element et_pb_column_4_4 et_pb_column et_pb_column_3  et_pb_css_mix_blend_mode et-last-child et_block_column\">\n\t\t\t\t\n\t\t\t\t\n\t\t\t\t\n\t\t\t\t\n\t\t\t\t<div class=\"et_pb_module et_d4_element et_pb_text et_pb_text_3  et_pb_text_align_left et_pb_bg_layout_light\">\n\t\t\t\t\n\t\t\t\t\n\t\t\t\t\n\t\t\t\t\n\t\t\t\t<div class=\"et_pb_text_inner\"><h2>Diferentes productos<\/h2>\n<hr \/>\n<div class=\"content\">\n<p><b>ALCOHOL ISOPROP\u00cdLICO<\/b> Isopropanol puro.<\/p>\n<p><b>ANTIALGAS<\/b> Evita la formaci\u00f3n de algas en las piscinas.<\/p>\n<p><b>ANTICALC\u00c1REO<\/b> Soluci\u00f3n anticalc\u00e1rea.<\/p>\n<p><b>ANTIESPUMA<\/b> Destruye la espuma y evita su formaci\u00f3n en las m\u00e1quinas<\/p>\n<p>a desarrollar y los circuitos de mojado.<\/p>\n<p><b>BOMBA ANTISECANTE<\/b> Evita el secado de las tintas.<\/p>\n<p><b>BOMBA ANTIEST\u00c1TICA<\/b> Evita la electricidad est\u00e1tica.<\/p>\n<p><b>BOMBA DE DILUYENTE DE ARRANQUE<\/b> Lic\u00faa la tinta fr\u00eda.<\/p>\n<p><b>BOMBA DE ACEITE<\/b> 960<\/p>\n<p><b>SUPERDEGRIPANTE<\/b> Permite degripar todas las piezas met\u00e1licas.<\/p>\n<p><b>BOMBA DE SILICONA<\/b> Evita que se manche el papel.<\/p>\n<p><b>DILUYENTE DE INICIO<\/b> Lic\u00faa la tinta fr\u00eda.<\/p>\n<p><b>GLASS CLEANER<\/b> Producto de limpieza para las piezas de vidrio.<\/p>\n<p><b>HYDROGAL 505<\/b> Producto de limpieza de los circuitos de mojado que elimina los microorganismos.<\/p>\n<p><b>PASTA DE VAC\u00cdO<\/b> Limita el calentamiento de los rodillos sin tinta durante el enrollado.<\/p>\n<p><b>POLVO ANTIMANCHADO<\/b> Evita que se manche el papel.<\/p>\n<p><b>PROTECCI\u00d3N L\u00cdQUIDA DE LOS CILINDROS<\/b> Limita el calentamiento de los rodillos sin tinta durante el enrollado.<\/p>\n<p><b>REPBLANCHET<\/b> Soluci\u00f3n de reparaci\u00f3n de los clich\u00e9s.<\/p>\n<p><b>JAB\u00d3N CREMA<\/b> Gel para lavar las manos.<\/p>\n<p><b>SILICONA A 35 %<\/b> Emulsi\u00f3n de siliconas a 35 % de materia activa.<\/p>\n<p><b>SILICONA A 60 %<\/b> Emulsi\u00f3n de siliconas a 60 % de materia activa.<\/p>\n<p><b>STATINET<\/b> Soluci\u00f3n antiest\u00e1tica.<\/p>\n<p><b>TAL AQUA<\/b> Reductor de tensi\u00f3n superficial para aguas de lavado.<\/p>\n<\/div><\/div>\n\t\t\t<\/div>\n\t\t\t<\/div>\n\t\t\t\t\n\t\t\t\t\n\t\t\t\t\n\t\t\t\t\n\t\t\t<\/div><div class=\"et_d4_element et_pb_row et_pb_row_4  et_pb_css_mix_blend_mode et_block_row\">\n\t\t\t\t<div class=\"et_d4_element et_pb_column_4_4 et_pb_column et_pb_column_4  et_pb_css_mix_blend_mode et-last-child et_block_column\">\n\t\t\t\t\n\t\t\t\t\n\t\t\t\t\n\t\t\t\t\n\t\t\t\t<div class=\"et_pb_module et_d4_element et_pb_text et_pb_text_4  et_pb_text_align_left et_pb_bg_layout_light\">\n\t\t\t\t\n\t\t\t\t\n\t\t\t\t\n\t\t\t\t\n\t\t\t\t<div class=\"et_pb_text_inner\"><h2>Material<\/h2>\n<hr \/>\n<div class=\"content\">\n<p><b>BIDONES MATRACES DE 1 LITRO<\/b> \u00datiles para la limpieza manual de los rodillos.<\/p>\n<p><b>CONDUCT\u00cdMETROS<\/b> Marca HANNA, diferentes modelos.<\/p>\n<p><b>LENG\u00daETA DE DUREZA<\/b> Caja de 100.<\/p>\n<p><b>LENG\u00daETA DE pH<\/b> Por 3 cajas.<\/p>\n<p><b>ESTUCHE ANTIGOLPES PARA pHmetro<\/b> Marca HANNA.<\/p>\n<p><b>PESA ALCOHOL<\/b> Permite conocer el porcentaje de alcohol en la soluci\u00f3n de mojado.<\/p>\n<p><b>pHMETRO<\/b> Marca HANNA, diferentes modelos.<\/p>\n<p><b>pHMETRO CONDUCT\u00cdMETROS COMBINADOS<\/b> Marca HANNA, diferentes modelos.<\/p>\n<p><b>SOLUCI\u00d3N DE LIMPIEZA DE ELECTRODO pH<\/b> Marca HANNA.<\/p>\n<p><b>SOLUCI\u00d3N DE ALMACENAMIENTO DE ELECTRODO pH<\/b> Marca HANNA.<\/p>\n<p><b>SOLUCI\u00d3N MUESTRA<\/b> 1 413 y 12 880 micro siemens\/cm, bolsas de uso \u00fanico, frasco de 460 ml.<\/p>\n<p><b>SOLUCI\u00d3N MOTITA<\/b> pH = 4 \u2013 pH = 7 bolsas de uso \u00fanico, frascos de 500 ml o 1 litro.<\/p>\n<p><b>SONDAS DE CONDUCTIMETR\u00cdA DE REEMPLAZO<\/b> Marca HANNA.<\/p>\n<p><b>SONDAS pH DE REEMPLAZO<\/b> Marca HANNA.<\/p>\n<\/div><\/div>\n\t\t\t<\/div>\n\t\t\t<\/div>\n\t\t\t\t\n\t\t\t\t\n\t\t\t\t\n\t\t\t\t\n\t\t\t<\/div><div class=\"et_d4_element et_pb_row et_pb_row_5  et_pb_css_mix_blend_mode et_block_row\">\n\t\t\t\t<div class=\"et_d4_element et_pb_column_4_4 et_pb_column et_pb_column_5  et_pb_css_mix_blend_mode et-last-child et_block_column\">\n\t\t\t\t\n\t\t\t\t\n\t\t\t\t\n\t\t\t\t\n\t\t\t\t<div class=\"et_pb_module et_d4_element et_pb_text et_pb_text_5  et_pb_text_align_left et_pb_bg_layout_light\">\n\t\t\t\t\n\t\t\t\t\n\t\t\t\t\n\t\t\t\t\n\t\t\t\t<div class=\"et_pb_text_inner\"><h2>Productos para lavado<\/h2>\n<hr \/>\n<div class=\"content\">\n<p><b>CLEANER CIRCUIT<\/b> Producto de limpieza de los circuitos de mojado (hojas y rotativas).<\/p>\n<p><b>CLEANER ACLARADO CIRCUITO<\/b> Producto de neutralizaci\u00f3n del cleaner circuito.<\/p>\n<p><b>CREMA L\u00cdQUIDA PARA RODILLOS<\/b> Producto l\u00edquido de limpieza para rodillos y clich\u00e9s.<\/p>\n<p><b>CREMA EN PASTA PARA RODILLOS<\/b> Pasta de limpieza para rodillos y clich\u00e9s.<\/p>\n<p><b>DEGLASOLV<\/b> Regenerador y desglaseador para rodillos y clich\u00e9s.<\/p>\n<p><b>DEGLASUP<\/b> Soluci\u00f3n de limpieza profunda para rodillos y clich\u00e9s.<\/p>\n<p><b>ECONET<\/b> Producto de limpieza de clich\u00e9s, rodillos y piezas mec\u00e1nicas,<\/p>\n<p>sin hidrocarburos.<\/p>\n<p><b>LAVADO DE CLICH\u00c9S<\/b> Producto para la limpieza de clich\u00e9s.<\/p>\n<p><b>LAVADOR AUTOM\u00c1TICO<\/b> Soluci\u00f3n de lavado para los rodillos de entintado y clich\u00e9s<\/p>\n<p>de las peque\u00f1as prensas offset.<\/p>\n<p><b>LAVADOR B MEZCLABLE<\/b> Producto de limpieza que se puede mezclar con el agua.<\/p>\n<p><b>MANCHONET<\/b> Producto concentrado de lavado de humedificadores y clich\u00e9s.<\/p>\n<p><b>NUMERONET<\/b> Producto de limpieza para los enumeradores.<\/p>\n<p><b>REINIGER<\/b> Producto de limpieza con fuerte poder solvente.<\/p>\n<p><b>RENOVADOR<\/b> Soluci\u00f3n de limpieza profunda para rodillos y clich\u00e9s.<\/p>\n<p><b>SOLVECO<\/b> Soluci\u00f3n de lavado para los rodillos de entintado y los clich\u00e9s.<\/p>\n<p><b>SOLVECO 40<\/b> Producto de limpieza de los rodillos entintadores y clich\u00e9s.<\/p>\n<p><b>SOLVIMPRIM F<\/b> Producto de limpieza de evaporaci\u00f3n r\u00e1pida.<\/p>\n<p><b>SOLVIMPRIM MIXTO <\/b>Producto de limpieza para tintas tradicionales y tintas UV.<\/p>\n<p><b>SOLVIMPRIM N\u00b0 1<\/b> Solvente sin aroma para el lavado autom\u00e1tico de los clich\u00e9s,<\/p>\n<p>punto de inflamaci\u00f3n 62 \u00b0C.<\/p>\n<p><b>SOLVIMPRIM N\u00b0 6<\/b> Producto de limpieza de los clich\u00e9s, para utilizaci\u00f3n en lavadora autom\u00e1tica.<\/p>\n<p><b>SOLVIMPRIM OS<\/b> Soluci\u00f3n de lavado para los rodillos entintadores, los clich\u00e9s<\/p>\n<p>y los manguitos humectadores, se puede mezclar con el agua.<\/p>\n<p><b>SOLVNET<\/b> Producto de limpieza de las estructuras de las m\u00e1quinas a imprimir, no es inflamable,<\/p>\n<p>no es peligroso.<\/p>\n<p><b>SOLVIMPRIM UV<\/b> Producto de lavado de las tintas UV.<\/p>\n<p><b>TERAL 273<\/b> Producto de limpieza de los rodillos, no es inflamable.<\/p>\n<\/div><\/div>\n\t\t\t<\/div>\n\t\t\t<\/div>\n\t\t\t\t\n\t\t\t\t\n\t\t\t\t\n\t\t\t\t\n\t\t\t<\/div><div class=\"et_d4_element et_pb_row et_pb_row_6  et_pb_css_mix_blend_mode et_block_row\">\n\t\t\t\t<div class=\"et_d4_element et_pb_column_4_4 et_pb_column et_pb_column_6  et_pb_css_mix_blend_mode et-last-child et_block_column\">\n\t\t\t\t\n\t\t\t\t\n\t\t\t\t\n\t\t\t\t\n\t\t\t\t<div class=\"et_pb_module et_d4_element et_pb_text et_pb_text_6  et_pb_text_align_left et_pb_bg_layout_light\">\n\t\t\t\t\n\t\t\t\t\n\t\t\t\t\n\t\t\t\t\n\t\t\t\t<div class=\"et_pb_text_inner\"><h2>Aditivos para mojado<\/h2>\n<hr \/>\n<div class=\"content\">\n<p><b>HYDROECOL AB<\/b> Aditivo de mojado para impresi\u00f3n sin alcohol isoprop\u00edlico en m\u00e1quinas hojas evitando el glaseado de los rodillos.<\/p>\n<p><b>HYDROECOL D<\/b> Aditivo de mojado recomendado en m\u00e1quinas hojas sin alcohol isoprop\u00edlico.<\/p>\n<p><b>HYDROECOL F<\/b> Aditivo de mojado anticalc\u00e1reo recomendado en Heidelberg y KBA (hojas), para impresi\u00f3n sin alcohol isoprop\u00f3lico.<\/p>\n<p><b>HYDROECOL KHD<\/b> Aditivo de mojado anticalc\u00e1reo recomendado en Komori, Mitsubishi, Ryobi (fojas), para impresi\u00f3n sin alcohol isoprol\u00edtico.<\/p>\n<p><b>HYDROECOL LT2PM<\/b> Aditivo de mojado recomendado en Roland para impresi\u00f3n sin alcohol isoprol\u00edtico (hojas).<\/p>\n<p><b>HYDROECOL UV<\/b> Aditivo de mojado para impresi\u00f3n en m\u00e1quinas hojas que utilizan tintas UV.<\/p>\n<p><b>HIDROESTABLE 1 %<\/b> Aditivo de mojado tradicional concentrado, adaptado para la exportaci\u00f3n.<\/p>\n<p><b>HIDROESTABLE N\u00b0 1<\/b> Aditivo de mojado tradicional para impresi\u00f3n con alcohol.<\/p>\n<p><b>HIDROESTABLE P<\/b> Aditivo de mojado para rotativas Cold Set de pulverizaci\u00f3n.<\/p>\n<p><b>HIDROESTABLE R<\/b> Aditivo de mojado para rotativas Cold Set con manguitos o rodillos desnudos.<\/p>\n<p><b>REMINERALIZANTE<\/b> Remineralizante para agua con \u00f3smosis.<\/p>\n<p><b>SOLUCI\u00d3N DE MOJADO PAE<\/b> Soluci\u00f3n de mojado lista para el empleo (cualquiera que sea el aditivo recomendado).<\/p>\n<p><b>WEBECOL UV<\/b> Aditivo de mojado para rotativas Heat Set para impresi\u00f3n sin alcohol isoprol\u00edtico, con tintas UV.<\/p>\n<p><b>WEBECOL<\/b> Aditivo de mojado para rotativas Heat Set para impresi\u00f3n sin alcohol isoprol\u00edtico<\/p>\n<\/div><\/div>\n\t\t\t<\/div>\n\t\t\t<\/div>\n\t\t\t\t\n\t\t\t\t\n\t\t\t\t\n\t\t\t\t\n\t\t\t<\/div>\n\t\t\t\t\n\t\t\t\t\n\t\t\t<\/div><\/p>\n","protected":false},"excerpt":{"rendered":"","protected":false},"author":1,"featured_media":0,"parent":0,"menu_order":0,"comment_status":"closed","ping_status":"closed","template":"","meta":{"_et_pb_use_builder":"on","_et_pb_old_content":"","_et_gb_content_width":"","footnotes":""},"class_list":["post-512","page","type-page","status-publish","hentry"],"_links":{"self":[{"href":"https:\/\/laguerre-groupe.fr\/es\/wp-json\/wp\/v2\/pages\/512","targetHints":{"allow":["GET"]}}],"collection":[{"href":"https:\/\/laguerre-groupe.fr\/es\/wp-json\/wp\/v2\/pages"}],"about":[{"href":"https:\/\/laguerre-groupe.fr\/es\/wp-json\/wp\/v2\/types\/page"}],"author":[{"embeddable":true,"href":"https:\/\/laguerre-groupe.fr\/es\/wp-json\/wp\/v2\/users\/1"}],"replies":[{"embeddable":true,"href":"https:\/\/laguerre-groupe.fr\/es\/wp-json\/wp\/v2\/comments?post=512"}],"version-history":[{"count":9,"href":"https:\/\/laguerre-groupe.fr\/es\/wp-json\/wp\/v2\/pages\/512\/revisions"}],"predecessor-version":[{"id":911,"href":"https:\/\/laguerre-groupe.fr\/es\/wp-json\/wp\/v2\/pages\/512\/revisions\/911"}],"wp:attachment":[{"href":"https:\/\/laguerre-groupe.fr\/es\/wp-json\/wp\/v2\/media?parent=512"}],"curies":[{"name":"wp","href":"https:\/\/api.w.org\/{rel}","templated":true}]}}