{"id":331,"date":"2021-10-25T11:57:47","date_gmt":"2021-10-25T09:57:47","guid":{"rendered":"http:\/\/www.laguerre-chimie-peinture.fr\/en-casa\/"},"modified":"2021-11-29T10:20:07","modified_gmt":"2021-11-29T09:20:07","slug":"en-casa","status":"publish","type":"page","link":"https:\/\/laguerre-groupe.fr\/es\/","title":{"rendered":"En casa"},"content":{"rendered":"<p><div class=\"et_d4_element et_pb_section et_pb_section_0 et_pb_with_background  et_pb_css_mix_blend_mode et_section_regular et_block_section\" >\n\t\t\t\t\n\t\t\t\t\n\t\t\t\t\n\t\t\t\t\n\t\t\t\t\n\t\t\t\t\n\t\t\t\t\n\t\t\t\t\n\t\t\t\t\n\t\t\t<\/div><div class=\"et_d4_element et_pb_section et_pb_section_1 et_pb_with_background  et_pb_css_mix_blend_mode et_section_regular et_block_section\" >\n\t\t\t\t\n\t\t\t\t\n\t\t\t\t\n\t\t\t\t\n\t\t\t\t\n\t\t\t\t\n\t\t\t\t<div class=\"et_d4_element et_pb_row et_pb_row_0  et_pb_css_mix_blend_mode et_block_row\">\n\t\t\t\t<div class=\"et_d4_element et_pb_column_1_3 et_pb_column et_pb_column_0  et_pb_css_mix_blend_mode et_block_column\">\n\t\t\t\t\n\t\t\t\t\n\t\t\t\t\n\t\t\t\t\n\t\t\t\t<div class=\"et_pb_module et_d4_element et_pb_blurb et_pb_blurb_0 et_clickable  et_pb_text_align_left  et_pb_blurb_position_top et_block_module et_pb_bg_layout_light\">\n\t\t\t\t\n\t\t\t\t\n\t\t\t\t\n\t\t\t\t\n\t\t\t\t<div class=\"et_pb_blurb_content\">\n\t\t\t\t\t<div class=\"et_pb_main_blurb_image et_pb_css_mix_blend_mode\"><span class=\"et_pb_image_wrap et_pb_only_image_mode_wrap\"><img loading=\"lazy\" decoding=\"async\" width=\"350\" height=\"235\" src=\"https:\/\/laguerre-groupe.fr\/wp-content\/uploads\/2021\/10\/coatings-350x235-1.jpg\" alt=\"\" srcset=\"https:\/\/laguerre-groupe.fr\/wp-content\/uploads\/2021\/10\/coatings-350x235-1.jpg 350w, https:\/\/laguerre-groupe.fr\/wp-content\/uploads\/2021\/10\/coatings-350x235-1-300x201.jpg 300w\" sizes=\"(max-width: 350px) 100vw, 350px\" class=\"et-waypoint et_pb_animation_top et_pb_animation_top_tablet et_pb_animation_top_phone wp-image-63\" \/><\/span><\/div>\n\t\t\t\t\t<div class=\"et_pb_blurb_container\">\n\t\t\t\t\t\t<h4 class=\"et_pb_module_header\"><span>Revestimientos<\/span><\/h4>\n\t\t\t\t\t\t<div class=\"et_pb_blurb_description\"><div id=\"cat-description\" class=\"col-md-12\">\n<p style=\"text-align: justify;\">El Grupo LAGUERRE elabora y fabrica revestimientos que mejoran las propiedades de superficie de un objeto permitiendo mejorar la apariencia, la adhesi\u00f3n, la resistencia a la corrosi\u00f3n, a la abrasi\u00f3n, la humectabilidad o ajustar las propiedades de superficie del objeto considerado frente a las limitantes mec\u00e1nicas y a los diferentes elementos del entorno exterior<\/p>\n<\/div>\n<div id=\"product-list\" class=\"col-md-12\">\n<div class=\"row\">\n<div class=\"col-md-12 product \" style=\"text-align: justify;\"><\/div>\n<\/div>\n<\/div><\/div>\n\t\t\t\t\t<\/div>\n\t\t\t\t<\/div>\n\t\t\t<\/div>\n\t\t\t<\/div><div class=\"et_d4_element et_pb_column_1_3 et_pb_column et_pb_column_1  et_pb_css_mix_blend_mode et_block_column\">\n\t\t\t\t\n\t\t\t\t\n\t\t\t\t\n\t\t\t\t\n\t\t\t\t<div class=\"et_pb_module et_d4_element et_pb_blurb et_pb_blurb_1 et_clickable  et_pb_text_align_left  et_pb_blurb_position_top et_block_module et_pb_bg_layout_light\">\n\t\t\t\t\n\t\t\t\t\n\t\t\t\t\n\t\t\t\t\n\t\t\t\t<div class=\"et_pb_blurb_content\">\n\t\t\t\t\t<div class=\"et_pb_main_blurb_image et_pb_css_mix_blend_mode\"><span class=\"et_pb_image_wrap et_pb_only_image_mode_wrap\"><img loading=\"lazy\" decoding=\"async\" width=\"2560\" height=\"1707\" src=\"https:\/\/laguerre-groupe.fr\/wp-content\/uploads\/2021\/10\/surface-treatment1-scaled.jpg\" alt=\"\" srcset=\"https:\/\/laguerre-groupe.fr\/wp-content\/uploads\/2021\/10\/surface-treatment1-scaled.jpg 2560w, https:\/\/laguerre-groupe.fr\/wp-content\/uploads\/2021\/10\/surface-treatment1-1280x854.jpg 1280w, https:\/\/laguerre-groupe.fr\/wp-content\/uploads\/2021\/10\/surface-treatment1-980x653.jpg 980w, https:\/\/laguerre-groupe.fr\/wp-content\/uploads\/2021\/10\/surface-treatment1-480x320.jpg 480w\" sizes=\"(min-width: 0px) and (max-width: 480px) 480px, (min-width: 481px) and (max-width: 980px) 980px, (min-width: 981px) and (max-width: 1280px) 1280px, (min-width: 1281px) 2560px, 100vw\" class=\"et-waypoint et_pb_animation_top et_pb_animation_top_tablet et_pb_animation_top_phone wp-image-90\" \/><\/span><\/div>\n\t\t\t\t\t<div class=\"et_pb_blurb_container\">\n\t\t\t\t\t\t<h4 class=\"et_pb_module_header\"><span>Tratamiento De Superficie<\/span><\/h4>\n\t\t\t\t\t\t<div class=\"et_pb_blurb_description\"><p style=\"text-align: justify;\"><span style=\"font-size: 14px; text-align: left;\">El Grupo LAGUERRE elabora y fabrica productos de tratamiento de superficie que van de decapantes para la construcci\u00f3n, industriales, a los inhibidores de corrosi\u00f3n \u00e1cidos o alcalinos, decapantes, desoxidantes, antiespumas y ennegrecedores.<\/span><\/p><\/div>\n\t\t\t\t\t<\/div>\n\t\t\t\t<\/div>\n\t\t\t<\/div>\n\t\t\t<\/div><div class=\"et_d4_element et_pb_column_1_3 et_pb_column et_pb_column_2  et_pb_css_mix_blend_mode et-last-child et_block_column\">\n\t\t\t\t\n\t\t\t\t\n\t\t\t\t\n\t\t\t\t\n\t\t\t\t<div class=\"et_pb_module et_d4_element et_pb_blurb et_pb_blurb_2 et_clickable  et_pb_text_align_left  et_pb_blurb_position_top et_block_module et_pb_bg_layout_light\">\n\t\t\t\t\n\t\t\t\t\n\t\t\t\t\n\t\t\t\t\n\t\t\t\t<div class=\"et_pb_blurb_content\">\n\t\t\t\t\t<div class=\"et_pb_main_blurb_image et_pb_css_mix_blend_mode\"><span class=\"et_pb_image_wrap et_pb_only_image_mode_wrap\"><img loading=\"lazy\" decoding=\"async\" width=\"350\" height=\"232\" src=\"https:\/\/laguerre-groupe.fr\/wp-content\/uploads\/2021\/10\/print2.jpg\" alt=\"\" srcset=\"https:\/\/laguerre-groupe.fr\/wp-content\/uploads\/2021\/10\/print2.jpg 350w, https:\/\/laguerre-groupe.fr\/wp-content\/uploads\/2021\/10\/print2-300x199.jpg 300w\" sizes=\"(max-width: 350px) 100vw, 350px\" class=\"et-waypoint et_pb_animation_top et_pb_animation_top_tablet et_pb_animation_top_phone wp-image-133\" \/><\/span><\/div>\n\t\t\t\t\t<div class=\"et_pb_blurb_container\">\n\t\t\t\t\t\t<h4 class=\"et_pb_module_header\"><span>Tintas E Impresi\u00f3n<\/span><\/h4>\n\t\t\t\t\t\t<div class=\"et_pb_blurb_description\"><p style=\"text-align: justify;\"><span style=\"font-size: 14px; text-align: left;\">El Grupo LAGUERRE elabora y fabrica productos aditivos de mojado y productos de lavado destinados a los oficios de la impresi\u00f3n offset, heliograf\u00eda y flexograf\u00eda.\u00a0<\/span><\/p><\/div>\n\t\t\t\t\t<\/div>\n\t\t\t\t<\/div>\n\t\t\t<\/div>\n\t\t\t<\/div>\n\t\t\t\t\n\t\t\t\t\n\t\t\t\t\n\t\t\t\t\n\t\t\t<\/div><div class=\"et_d4_element et_pb_row et_pb_row_1  et_pb_css_mix_blend_mode et_block_row\">\n\t\t\t\t<div class=\"et_d4_element et_pb_column_1_3 et_pb_column et_pb_column_3  et_pb_css_mix_blend_mode et_block_column\">\n\t\t\t\t\n\t\t\t\t\n\t\t\t\t\n\t\t\t\t\n\t\t\t\t<div class=\"et_pb_module et_d4_element et_pb_blurb et_pb_blurb_3 et_clickable  et_pb_text_align_left  et_pb_blurb_position_top et_block_module et_pb_bg_layout_light\">\n\t\t\t\t\n\t\t\t\t\n\t\t\t\t\n\t\t\t\t\n\t\t\t\t<div class=\"et_pb_blurb_content\">\n\t\t\t\t\t<div class=\"et_pb_main_blurb_image et_pb_css_mix_blend_mode\"><span class=\"et_pb_image_wrap et_pb_only_image_mode_wrap\"><img loading=\"lazy\" decoding=\"async\" width=\"2560\" height=\"1708\" src=\"https:\/\/laguerre-groupe.fr\/wp-content\/uploads\/2021\/10\/vehicule-care1-scaled.jpg\" alt=\"\" srcset=\"https:\/\/laguerre-groupe.fr\/wp-content\/uploads\/2021\/10\/vehicule-care1-scaled.jpg 2560w, https:\/\/laguerre-groupe.fr\/wp-content\/uploads\/2021\/10\/vehicule-care1-1280x854.jpg 1280w, https:\/\/laguerre-groupe.fr\/wp-content\/uploads\/2021\/10\/vehicule-care1-980x654.jpg 980w, https:\/\/laguerre-groupe.fr\/wp-content\/uploads\/2021\/10\/vehicule-care1-480x320.jpg 480w\" sizes=\"(min-width: 0px) and (max-width: 480px) 480px, (min-width: 481px) and (max-width: 980px) 980px, (min-width: 981px) and (max-width: 1280px) 1280px, (min-width: 1281px) 2560px, 100vw\" class=\"et-waypoint et_pb_animation_top et_pb_animation_top_tablet et_pb_animation_top_phone wp-image-93\" \/><\/span><\/div>\n\t\t\t\t\t<div class=\"et_pb_blurb_container\">\n\t\t\t\t\t\t<h4 class=\"et_pb_module_header\"><span>Cuidado Del Veh\u00edculo<\/span><\/h4>\n\t\t\t\t\t\t<div class=\"et_pb_blurb_description\"><div id=\"cat-description\" class=\"col-md-12\">\n<p style=\"text-align: justify;\"><span style=\"font-size: 14px; text-align: left;\">El Grupo LAGUERRE elabora y fabrica una gama profesional completa que va del detergente a la cosm\u00e9tica autom\u00f3vil, pasando por el material de aplicaci\u00f3n.<\/span><\/p>\n<\/div>\n<div id=\"product-list\" class=\"col-md-12\">\n<div class=\"row\">\n<div class=\"col-md-12 product \" style=\"text-align: justify;\"><\/div>\n<\/div>\n<\/div><\/div>\n\t\t\t\t\t<\/div>\n\t\t\t\t<\/div>\n\t\t\t<\/div>\n\t\t\t<\/div><div class=\"et_d4_element et_pb_column_1_3 et_pb_column et_pb_column_4  et_pb_css_mix_blend_mode et_block_column\">\n\t\t\t\t\n\t\t\t\t\n\t\t\t\t\n\t\t\t\t\n\t\t\t\t<div class=\"et_pb_module et_d4_element et_pb_blurb et_pb_blurb_4 et_clickable  et_pb_text_align_left  et_pb_blurb_position_top et_block_module et_pb_bg_layout_light\">\n\t\t\t\t\n\t\t\t\t\n\t\t\t\t\n\t\t\t\t\n\t\t\t\t<div class=\"et_pb_blurb_content\">\n\t\t\t\t\t<div class=\"et_pb_main_blurb_image et_pb_css_mix_blend_mode\"><span class=\"et_pb_image_wrap et_pb_only_image_mode_wrap\"><img loading=\"lazy\" decoding=\"async\" width=\"350\" height=\"235\" src=\"https:\/\/laguerre-groupe.fr\/wp-content\/uploads\/2021\/10\/header-2-350x235-1.jpg\" alt=\"\" srcset=\"https:\/\/laguerre-groupe.fr\/wp-content\/uploads\/2021\/10\/header-2-350x235-1.jpg 350w, https:\/\/laguerre-groupe.fr\/wp-content\/uploads\/2021\/10\/header-2-350x235-1-300x201.jpg 300w\" sizes=\"(max-width: 350px) 100vw, 350px\" class=\"et-waypoint et_pb_animation_top et_pb_animation_top_tablet et_pb_animation_top_phone wp-image-130\" \/><\/span><\/div>\n\t\t\t\t\t<div class=\"et_pb_blurb_container\">\n\t\t\t\t\t\t<h4 class=\"et_pb_module_header\"><span>Acuerdo De Fabricaci\u00f3n E I&D<\/span><\/h4>\n\t\t\t\t\t\t<div class=\"et_pb_blurb_description\"><p style=\"text-align: justify;\">Signatario de la carta Responsible Care, el Grupo LAGUERRE formula, fabrica, acondiciona y almacena, en funci\u00f3n de sus necesidades, en el respeto de la reglamentaci\u00f3n ICPE y HSE, enmarcado por la norma ISO 9001.<\/p><\/div>\n\t\t\t\t\t<\/div>\n\t\t\t\t<\/div>\n\t\t\t<\/div>\n\t\t\t<\/div><div class=\"et_d4_element et_pb_column_1_3 et_pb_column et_pb_column_5  et_pb_css_mix_blend_mode et-last-child et_block_column\">\n\t\t\t\t\n\t\t\t\t\n\t\t\t\t\n\t\t\t\t\n\t\t\t\t<div class=\"et_pb_module et_d4_element et_pb_blurb et_pb_blurb_5 et_clickable  et_pb_text_align_left  et_pb_blurb_position_top et_block_module et_pb_bg_layout_light\">\n\t\t\t\t\n\t\t\t\t\n\t\t\t\t\n\t\t\t\t\n\t\t\t\t<div class=\"et_pb_blurb_content\">\n\t\t\t\t\t<div class=\"et_pb_main_blurb_image et_pb_css_mix_blend_mode\"><span class=\"et_pb_image_wrap et_pb_only_image_mode_wrap\"><img loading=\"lazy\" decoding=\"async\" width=\"350\" height=\"235\" src=\"https:\/\/laguerre-groupe.fr\/wp-content\/uploads\/2021\/10\/specialties.jpg\" alt=\"\" srcset=\"https:\/\/laguerre-groupe.fr\/wp-content\/uploads\/2021\/10\/specialties.jpg 350w, https:\/\/laguerre-groupe.fr\/wp-content\/uploads\/2021\/10\/specialties-300x201.jpg 300w\" sizes=\"(max-width: 350px) 100vw, 350px\" class=\"et-waypoint et_pb_animation_top et_pb_animation_top_tablet et_pb_animation_top_phone wp-image-87\" \/><\/span><\/div>\n\t\t\t\t\t<div class=\"et_pb_blurb_container\">\n\t\t\t\t\t\t<h4 class=\"et_pb_module_header\"><span>Especialidades<\/span><\/h4>\n\t\t\t\t\t\t<div class=\"et_pb_blurb_description\"><div id=\"cat-description\" class=\"col-md-12\">\n<p style=\"text-align: justify;\">El Grupo LAGUERRE elabora y fabrica productos de qu\u00edmica fina o qu\u00edmica de especialidad en el centro de las industrias. Fabricamos una amplia gama de productos innovadores que responden a las necesidades espec\u00edficas y t\u00e9cnicas en el mayor respeto de objetivos RSE (Ralentizador estabilizador extractor).<\/p>\n<\/div>\n<div id=\"product-list\" class=\"col-md-12\">\n<div class=\"row\">\n<div class=\"col-md-12 product \" style=\"text-align: justify;\"><\/div>\n<\/div>\n<\/div><\/div>\n\t\t\t\t\t<\/div>\n\t\t\t\t<\/div>\n\t\t\t<\/div>\n\t\t\t<\/div>\n\t\t\t\t\n\t\t\t\t\n\t\t\t\t\n\t\t\t\t\n\t\t\t<\/div>\n\t\t\t\t\n\t\t\t\t\n\t\t\t<\/div><div class=\"et_d4_element et_pb_section et_pb_section_2 et_pb_section_parallax et_pb_with_background  et_pb_css_mix_blend_mode et_section_regular et_block_section\" >\n\t\t\t\t\n\t\t\t\t<span class=\"et_parallax_bg_wrap et-pb-parallax-wrapper\"><span\n\t\t\t\t\t\tclass=\"et_parallax_bg et_parallax_bg--et_pb_section_2\"\n\t\t\t\t\t\tstyle=\"background-image: url(https:\/\/laguerre-groupe.fr\/wp-content\/uploads\/2021\/10\/header-1.jpg);\"\n\t\t\t\t\t><\/span><\/span>\n\t\t\t\t\n\t\t\t\t\n\t\t\t\t\n\t\t\t\t\n\t\t\t\t\n\t\t\t\t\n\t\t\t\t\n\t\t\t<\/div><div class=\"et_d4_element et_pb_section et_pb_section_3 et_pb_with_background  et_pb_css_mix_blend_mode et_section_regular et_block_section\" >\n\t\t\t\t\n\t\t\t\t\n\t\t\t\t\n\t\t\t\t\n\t\t\t\t\n\t\t\t\t\n\t\t\t\t<div class=\"et_d4_element et_pb_row et_pb_row_2  et_pb_css_mix_blend_mode et_block_row\">\n\t\t\t\t<div class=\"et_d4_element et_pb_column_1_2 et_pb_column et_pb_column_6  et_pb_css_mix_blend_mode et_block_column\">\n\t\t\t\t\n\t\t\t\t\n\t\t\t\t\n\t\t\t\t\n\t\t\t\t<div class=\"et_pb_module et_d4_element et_pb_video et_pb_video_0\">\n\t\t\t\t\n\t\t\t\t\n\t\t\t\t\n\t\t\t\t\n\t\t\t\t<div class=\"et_pb_video_box\"><iframe loading=\"lazy\" title=\"Laguerre Vid\u00e9o Pr\u00e9sentation 2.mp4\" src=\"https:\/\/player.vimeo.com\/video\/641817175?dnt=1&amp;app_id=122963\" width=\"1080\" height=\"608\" frameborder=\"0\" allow=\"autoplay; fullscreen; picture-in-picture; clipboard-write; encrypted-media; web-share\" referrerpolicy=\"strict-origin-when-cross-origin\"><\/iframe><\/div>\n\t\t\t\t\n\t\t\t<\/div>\n\t\t\t<\/div><div class=\"et_d4_element et_pb_column_1_2 et_pb_column et_pb_column_7  et_pb_css_mix_blend_mode et-last-child et_block_column\">\n\t\t\t\t\n\t\t\t\t\n\t\t\t\t\n\t\t\t\t\n\t\t\t\t<div class=\"et_pb_module et_d4_element et_pb_text et_pb_text_0  et_pb_text_align_justified et_pb_bg_layout_light\">\n\t\t\t\t\n\t\t\t\t\n\t\t\t\t\n\t\t\t\t\n\t\t\t\t<div class=\"et_pb_text_inner\"><h4 center=\"\" 22=\"\" style=\"text-align: center;\"><span style=\"color: #000080;\"><strong>Laguerre, desde 1860<\/strong><\/span><\/h4>\n<p>Calidad, eficiencia y una f\u00f3rmula exitosa. Los establecimientos Laguerre se encuentran en Saint-Etienne-du-Rouvray en el departamento Sena-Mar\u00edtimo. La planta se especializa en la fabricaci\u00f3n de productos qu\u00edmicos: pinturas, barnices, diluyentes, solventes, aditivos de PVC, detergentes, tratamiento de efluentes industriales y aguas de proceso, tanto para los profesionales como para los particulares. Nuestras pinturas para la industria, la construcci\u00f3n y los suelos pueden estar en fase solvente, en fase acuosa o sin solvente y tener la Etiqueta ecol\u00f3gica. Para responder a sus necesidades, disponemos de eficaces y modernos equipos de producci\u00f3n. Nuestros laboratorios de investigaci\u00f3n y desarrollo y de control contribuyen a elaborar productos adaptados a las normas en curso. Nuestro sitio de producci\u00f3n est\u00e1 en completa retenci\u00f3n para respetar las normas medioambientales en vigor. Nuestras instalaciones clasificadas est\u00e1n en conformidad con los decretos prefectorales. (Decreto 1432 Almacenamiento de l\u00edquidos inflamables).<\/p><\/div>\n\t\t\t<\/div>\n\t\t\t<\/div>\n\t\t\t\t\n\t\t\t\t\n\t\t\t\t\n\t\t\t\t\n\t\t\t<\/div>\n\t\t\t\t\n\t\t\t\t\n\t\t\t<\/div><div class=\"et_d4_element et_pb_section et_pb_section_4  et_pb_css_mix_blend_mode et_pb_fullwidth_section et_section_regular et_block_section\" >\n\t\t\t\t\n\t\t\t\t\n\t\t\t\t\n\t\t\t\t\n\t\t\t\t\n\t\t\t\t\n\t\t\t\t<div class=\"et_pb_module et_d4_element et_pb_fullwidth_slider_0 et_pb_slider\">\n\t\t\t\t<div class=\"et_pb_slides\">\n\t\t\t\t\t<div class=\"et_d4_element et_pb_slide et_pb_slide_0  et_pb_css_mix_blend_mode et_pb_bg_layout_dark et_pb_slide_with_image et_pb_media_alignment_center et-pb-active-slide\" data-slide-id=\"et_pb_slide_0\">\n\t\t\t\t\n\t\t\t\t\n\t\t\t\t<div class=\"et_pb_container clearfix\">\n\t\t\t\t\t<div class=\"et_pb_slider_container_inner\">\n\t\t\t\t\t\t<div class=\"et_pb_slide_image\"><img loading=\"lazy\" decoding=\"async\" width=\"657\" height=\"380\" src=\"https:\/\/laguerre-groupe.fr\/wp-content\/uploads\/2021\/10\/laguerre-groupe.png\" alt=\"\" srcset=\"https:\/\/laguerre-groupe.fr\/wp-content\/uploads\/2021\/10\/laguerre-groupe.png 657w, https:\/\/laguerre-groupe.fr\/wp-content\/uploads\/2021\/10\/laguerre-groupe-480x278.png 480w\" sizes=\"(min-width: 0px) and (max-width: 480px) 480px, (min-width: 481px) 657px, 100vw\" class=\"wp-image-374\" \/><\/div>\n\t\t\t\t\t\t<div class=\"et_pb_slide_description\">\n\t\t\t\t\t\t\t<h2 class=\"et_pb_slide_title\"><a href=\"https:\/\/laguerre-store.com\/\">Laguerre Store<\/a><\/h2><div class=\"et_pb_slide_content\"><p>Como especialista en revestimientos de suelos t\u00e9cnicos desde hace 160 a\u00f1os, puede encontrar nuestras pinturas y accesorios en nuestra tienda en l\u00ednea.<\/p><\/div>\n\t\t\t\t\t\t\t<div class=\"et_pb_button_wrapper\"><a class=\"et_pb_button et_pb_more_button\" href=\"https:\/\/laguerre-store.com\/\" target=\"_blank\">Visite nuestra tienda en l\u00ednea<\/a><\/div>\n\t\t\t\t\t\t<\/div>\n\t\t\t\t\t<\/div>\n\t\t\t\t<\/div>\n\t\t\t\t\n\t\t\t\t\n\t\t\t\t\n\t\t\t<\/div>\n\t\t\t<div class=\"et_d4_element et_pb_slide et_pb_slide_1  et_pb_css_mix_blend_mode et_pb_bg_layout_dark et_pb_slide_with_image et_pb_media_alignment_center\" data-slide-id=\"et_pb_slide_1\">\n\t\t\t\t\n\t\t\t\t\n\t\t\t\t<div class=\"et_pb_container clearfix\">\n\t\t\t\t\t<div class=\"et_pb_slider_container_inner\">\n\t\t\t\t\t\t<div class=\"et_pb_slide_image\"><img loading=\"lazy\" decoding=\"async\" width=\"500\" height=\"177\" src=\"https:\/\/laguerre-groupe.fr\/wp-content\/uploads\/2021\/10\/lemarchand-1.png\" alt=\"\" srcset=\"https:\/\/laguerre-groupe.fr\/wp-content\/uploads\/2021\/10\/lemarchand-1.png 500w, https:\/\/laguerre-groupe.fr\/wp-content\/uploads\/2021\/10\/lemarchand-1-480x170.png 480w\" sizes=\"(min-width: 0px) and (max-width: 480px) 480px, (min-width: 481px) 500px, 100vw\" class=\"wp-image-123\" \/><\/div>\n\t\t\t\t\t\t<div class=\"et_pb_slide_description\">\n\t\t\t\t\t\t\t<h2 class=\"et_pb_slide_title\"><a href=\"https:\/\/gifel-mousse.fr\">Lemarchand Fr\u00e8res<\/a><\/h2><div class=\"et_pb_slide_content\"><p>Especialistas desde hace 50 a\u00f1os en productos adaptados a las necesidades espec\u00edficas de las infraestructuras agr\u00edcolas y a su disposici\u00f3n para resolver sus problemas relacionados con la conservaci\u00f3n de edificios y equipos.<\/p><\/div>\n\t\t\t\t\t\t\t<div class=\"et_pb_button_wrapper\"><a class=\"et_pb_button et_pb_more_button\" href=\"https:\/\/gifel-mousse.fr\" target=\"_blank\">M\u00e1s informaci\u00f3n<\/a><\/div>\n\t\t\t\t\t\t<\/div>\n\t\t\t\t\t<\/div>\n\t\t\t\t<\/div>\n\t\t\t\t\n\t\t\t\t\n\t\t\t\t\n\t\t\t<\/div>\n\t\t\t\n\t\t\t\t<\/div>\n\t\t\t\t\n\t\t\t<\/div>\n\t\t\t\n\t\t\t\t\n\t\t\t\t\n\t\t\t<\/div><\/p>\n","protected":false},"excerpt":{"rendered":"","protected":false},"author":1,"featured_media":0,"parent":0,"menu_order":0,"comment_status":"closed","ping_status":"closed","template":"","meta":{"_et_pb_use_builder":"on","_et_pb_old_content":"","_et_gb_content_width":"","footnotes":""},"class_list":["post-331","page","type-page","status-publish","hentry"],"amp_enabled":false,"_links":{"self":[{"href":"https:\/\/laguerre-groupe.fr\/es\/wp-json\/wp\/v2\/pages\/331","targetHints":{"allow":["GET"]}}],"collection":[{"href":"https:\/\/laguerre-groupe.fr\/es\/wp-json\/wp\/v2\/pages"}],"about":[{"href":"https:\/\/laguerre-groupe.fr\/es\/wp-json\/wp\/v2\/types\/page"}],"author":[{"embeddable":true,"href":"https:\/\/laguerre-groupe.fr\/es\/wp-json\/wp\/v2\/users\/1"}],"replies":[{"embeddable":true,"href":"https:\/\/laguerre-groupe.fr\/es\/wp-json\/wp\/v2\/comments?post=331"}],"version-history":[{"count":32,"href":"https:\/\/laguerre-groupe.fr\/es\/wp-json\/wp\/v2\/pages\/331\/revisions"}],"predecessor-version":[{"id":1539,"href":"https:\/\/laguerre-groupe.fr\/es\/wp-json\/wp\/v2\/pages\/331\/revisions\/1539"}],"wp:attachment":[{"href":"https:\/\/laguerre-groupe.fr\/es\/wp-json\/wp\/v2\/media?parent=331"}],"curies":[{"name":"wp","href":"https:\/\/api.w.org\/{rel}","templated":true}]}}