{"id":1078,"date":"2021-10-29T09:02:13","date_gmt":"2021-10-29T07:02:13","guid":{"rendered":"https:\/\/www.laguerre-chimie-peinture.fr\/accueil\/"},"modified":"2024-12-19T15:32:20","modified_gmt":"2024-12-19T14:32:20","slug":"accueil","status":"publish","type":"page","link":"https:\/\/laguerre-groupe.fr\/en\/","title":{"rendered":"Accueil"},"content":{"rendered":"<p><div class=\"et_d4_element et_pb_section et_pb_section_0 et_pb_section_parallax et_pb_with_background  et_pb_css_mix_blend_mode et_pb_fullwidth_section et_section_regular et_block_section\" >\n\t\t\t\t\n\t\t\t\t<span class=\"et_parallax_bg_wrap et-pb-parallax-wrapper\"><span\n\t\t\t\t\t\tclass=\"et_parallax_bg et_parallax_bg--et_pb_section_0\"\n\t\t\t\t\t\tstyle=\"background-image: url(https:\/\/laguerre-groupe.fr\/wp-content\/uploads\/2021\/10\/header-3.jpg);\"\n\t\t\t\t\t><\/span><\/span>\n\t\t\t\t\n\t\t\t\t\n\t\t\t\t\n\t\t\t\t\n\t\t\t\t<section class=\"et_pb_with_border et_pb_module et_d4_element et_pb_fullwidth_header et_pb_fullwidth_header_0 et_animated et_hover_enabled  et_pb_css_mix_blend_mode et_pb_text_align_center et_pb_bg_layout_dark et_pb_fullscreen\">\n\t\t\t\t\n\t\t\t\t\n\t\t\t\t\n\t\t\t\t\n\t\t\t\t<div class=\"et_pb_fullwidth_header_container center\">\n\t\t\t\t\t<div class=\"header-content-container center\">\n\t\t\t\t\t<div class=\"header-content\">\n\t\t\t\t\t\t<img loading=\"lazy\" decoding=\"async\" width=\"657\" height=\"380\" src=\"https:\/\/laguerre-groupe.fr\/wp-content\/uploads\/2021\/10\/laguerre-groupe.png\" title=\"\" alt=\"\" srcset=\"https:\/\/laguerre-groupe.fr\/wp-content\/uploads\/2021\/10\/laguerre-groupe.png 657w, https:\/\/laguerre-groupe.fr\/wp-content\/uploads\/2021\/10\/laguerre-groupe-480x278.png 480w\" sizes=\"(min-width: 0px) and (max-width: 480px) 480px, (min-width: 481px) 657px, 100vw\" class=\"header-logo wp-image-374\" \/>\n\t\t\t\t\t\t\n\t\t\t\t\t\t<span class=\"et_pb_fullwidth_header_subhead\">Quality and efficiency for successful formulation!<\/span>\n\t\t\t\t\t\t<div class=\"et_pb_header_content_wrapper\"><\/div>\n\t\t\t\t\t\t\n\t\t\t\t\t<\/div>\n\t\t\t\t<\/div>\n\t\t\t\t\t\n\t\t\t\t<\/div>\n\t\t\t\t<div class=\"et_pb_fullwidth_header_overlay\"><\/div>\n\t\t\t\t<div class=\"et_pb_fullwidth_header_scroll\"><a href=\"#\" class=\"scroll-down-container\">\n\t\t\t\t\t<span class=\"scroll-down et-pb-icon\">&#x37;<\/span>\n\t\t\t\t\t\n\t\t\t\t\t\n\t\t\t\t<\/a><\/div>\n\t\t\t<\/section>\n\t\t\t\t\n\t\t\t\t\n\t\t\t<\/div><div class=\"et_d4_element et_pb_section et_pb_section_1  et_pb_css_mix_blend_mode et_section_regular et_block_section\" >\n\t\t\t\t\n\t\t\t\t\n\t\t\t\t\n\t\t\t\t\n\t\t\t\t\n\t\t\t\t\n\t\t\t\t<div class=\"et_d4_element et_pb_row et_pb_row_0 et_pb_equal_columns  et_pb_css_mix_blend_mode et_block_row\">\n\t\t\t\t<div class=\"et_d4_element et_pb_column_1_3 et_pb_column et_pb_column_0  et_pb_css_mix_blend_mode et_block_column\">\n\t\t\t\t\n\t\t\t\t\n\t\t\t\t\n\t\t\t\t\n\t\t\t\t<div class=\"et_pb_module et_d4_element et_pb_image et_pb_image_0\">\n\t\t\t\t\n\t\t\t\t\n\t\t\t\t\n\t\t\t\t\n\t\t\t\t<a href=\"https:\/\/laguerre-groupe.fr\/en\/coatings\/\"><span class=\"et_pb_image_wrap \"><img loading=\"lazy\" decoding=\"async\" width=\"612\" height=\"316\" src=\"https:\/\/laguerre-groupe.fr\/wp-content\/uploads\/2022\/02\/coatings.jpeg\" alt=\"Paint\" title=\"coatings\" srcset=\"https:\/\/laguerre-groupe.fr\/wp-content\/uploads\/2022\/02\/coatings.jpeg 612w, https:\/\/laguerre-groupe.fr\/wp-content\/uploads\/2022\/02\/coatings-480x248.jpeg 480w\" sizes=\"(min-width: 0px) and (max-width: 480px) 480px, (min-width: 481px) 612px, 100vw\" class=\"wp-image-2122\" \/><\/span><\/a>\n\t\t\t<\/div><div class=\"et_pb_button_module_wrapper et_pb_button_0_wrapper et_pb_button_alignment_center et_pb_module \">\n\t\t\t\t<a class=\"et_pb_button et_d4_element et_pb_button_0 et_animated et_hover_enabled et_pb_bg_layout_dark et_block_module\" href=\"https:\/\/laguerre-groupe.fr\/en\/coatings\/\" data-icon=\"5\">See products<\/a>\n\t\t\t<\/div><div class=\"et_pb_module et_d4_element et_pb_text et_pb_text_0 et_clickable  et_pb_text_align_center et_pb_bg_layout_light\">\n\t\t\t\t\n\t\t\t\t\n\t\t\t\t\n\t\t\t\t\n\t\t\t\t<div class=\"et_pb_text_inner\"><h4 class=\"et_pb_module_header et-fb-editable-element et-fb-editable-element__editing\" data-shortcode-id=\"1.0.0.0-1639320681211\" data-quickaccess-id=\"header\" contenteditable=\"true\"><span style=\"color: #000080;\">Coatings<\/span><\/h4>\n<p style=\"text-align: justify;\">Le groupe LAGUERRE met au point et fabrique des rev\u00eatements qui am\u00e9liorent l\u2019apparence, l\u2019adh\u00e9sion, la r\u00e9sistance \u00e0 la corrosion<span>, \u00e0 l\u2019abrasion, la mouillabilit\u00e9 ou ajuster les propri\u00e9t\u00e9s de surface de l\u2019objet consid\u00e9r\u00e9 face aux contraintes m\u00e9caniques et aux diff\u00e9rents \u00e9l\u00e9ments de l\u2019environnement ext\u00e9rieur.<\/span><\/p><\/div>\n\t\t\t<\/div>\n\t\t\t<\/div><div class=\"et_d4_element et_pb_column_1_3 et_pb_column et_pb_column_1  et_pb_css_mix_blend_mode et_block_column\">\n\t\t\t\t\n\t\t\t\t\n\t\t\t\t\n\t\t\t\t\n\t\t\t\t<div class=\"et_pb_module et_d4_element et_pb_image et_pb_image_1\">\n\t\t\t\t\n\t\t\t\t\n\t\t\t\t\n\t\t\t\t\n\t\t\t\t<a href=\"https:\/\/laguerre-groupe.fr\/en\/surface-treatment\/\"><span class=\"et_pb_image_wrap \"><img loading=\"lazy\" decoding=\"async\" width=\"2560\" height=\"1707\" src=\"https:\/\/laguerre-groupe.fr\/wp-content\/uploads\/2021\/10\/surface-treatment1-scaled.jpg\" alt=\"\" title=\"young plant on rusty zinc wall\" srcset=\"https:\/\/laguerre-groupe.fr\/wp-content\/uploads\/2021\/10\/surface-treatment1-scaled.jpg 2560w, https:\/\/laguerre-groupe.fr\/wp-content\/uploads\/2021\/10\/surface-treatment1-1280x854.jpg 1280w, https:\/\/laguerre-groupe.fr\/wp-content\/uploads\/2021\/10\/surface-treatment1-980x653.jpg 980w, https:\/\/laguerre-groupe.fr\/wp-content\/uploads\/2021\/10\/surface-treatment1-480x320.jpg 480w\" sizes=\"(min-width: 0px) and (max-width: 480px) 480px, (min-width: 481px) and (max-width: 980px) 980px, (min-width: 981px) and (max-width: 1280px) 1280px, (min-width: 1281px) 2560px, 100vw\" class=\"wp-image-90\" \/><\/span><\/a>\n\t\t\t<\/div><div class=\"et_pb_button_module_wrapper et_pb_button_1_wrapper et_pb_button_alignment_center et_pb_module \">\n\t\t\t\t<a class=\"et_pb_button et_d4_element et_pb_button_1 et_animated et_hover_enabled et_pb_bg_layout_dark et_block_module\" href=\"https:\/\/laguerre-groupe.fr\/en\/coatings\/\" data-icon=\"5\">See products<\/a>\n\t\t\t<\/div><div class=\"et_pb_module et_d4_element et_pb_text et_pb_text_1 et_clickable  et_pb_text_align_center et_pb_bg_layout_light\">\n\t\t\t\t\n\t\t\t\t\n\t\t\t\t\n\t\t\t\t\n\t\t\t\t<div class=\"et_pb_text_inner\"><h4><span style=\"color: #000080;\">Surface Treatment<\/span><\/h4>\n<p style=\"text-align: justify;\">Le groupe LAGUERRE met au point et fabrique des produits de traitement de surface allant des d\u00e9capants b\u00e2timents, industriels, aux inhibiteurs de corrosion <span>acides ou alcalins, d\u00e9rochants, d\u00e9rouillants, noircissants aux biocides d\u00e9truisant les d\u00e9p\u00f4ts verts.<\/span><a href=\"#\"><\/a><\/p>\n<p style=\"text-align: justify;\"><\/div>\n\t\t\t<\/div>\n\t\t\t<\/div><div class=\"et_d4_element et_pb_column_1_3 et_pb_column et_pb_column_2  et_pb_css_mix_blend_mode et-last-child et_block_column\">\n\t\t\t\t\n\t\t\t\t\n\t\t\t\t\n\t\t\t\t\n\t\t\t\t<div class=\"et_pb_module et_d4_element et_pb_image et_pb_image_2\">\n\t\t\t\t\n\t\t\t\t\n\t\t\t\t\n\t\t\t\t\n\t\t\t\t<a href=\"https:\/\/laguerre-groupe.fr\/en\/inks-print\/\"><span class=\"et_pb_image_wrap \"><img loading=\"lazy\" decoding=\"async\" width=\"612\" height=\"408\" src=\"https:\/\/laguerre-groupe.fr\/wp-content\/uploads\/2022\/02\/imprimerie.jpeg\" alt=\"\" title=\"imprimerie\" srcset=\"https:\/\/laguerre-groupe.fr\/wp-content\/uploads\/2022\/02\/imprimerie.jpeg 612w, https:\/\/laguerre-groupe.fr\/wp-content\/uploads\/2022\/02\/imprimerie-480x320.jpeg 480w\" sizes=\"(min-width: 0px) and (max-width: 480px) 480px, (min-width: 481px) 612px, 100vw\" class=\"wp-image-2134\" \/><\/span><\/a>\n\t\t\t<\/div><div class=\"et_pb_button_module_wrapper et_pb_button_2_wrapper et_pb_button_alignment_center et_pb_module \">\n\t\t\t\t<a class=\"et_pb_button et_d4_element et_pb_button_2 et_animated et_hover_enabled et_pb_bg_layout_dark et_block_module\" href=\"https:\/\/laguerre-groupe.fr\/en\/coatings\/\" data-icon=\"5\">See products<\/a>\n\t\t\t<\/div><div class=\"et_pb_module et_d4_element et_pb_text et_pb_text_2 et_clickable  et_pb_text_align_center et_pb_bg_layout_light\">\n\t\t\t\t\n\t\t\t\t\n\t\t\t\t\n\t\t\t\t\n\t\t\t\t<div class=\"et_pb_text_inner\"><h4 class=\"et_pb_module_header et-fb-editable-element et-fb-editable-element__editing\" data-shortcode-id=\"1.0.2.0-1639349987452\" data-quickaccess-id=\"header\" contenteditable=\"true\"><span style=\"color: #000080;\">Inks &amp; Print<\/span><\/h4>\n<p style=\"text-align: justify;\">Le groupe LAGUERRE met au point et fabrique des produits additifs de mouillage et des produits de lavage \u00e0 destination des m\u00e9tiers de l\u2019impression offset, en h\u00e9liogravure, en flexographie.<\/p><\/div>\n\t\t\t<\/div>\n\t\t\t<\/div>\n\t\t\t\t\n\t\t\t\t\n\t\t\t\t\n\t\t\t\t\n\t\t\t<\/div><div class=\"et_d4_element et_pb_row et_pb_row_1 et_pb_equal_columns  et_pb_css_mix_blend_mode et_block_row\">\n\t\t\t\t<div class=\"et_d4_element et_pb_column_1_3 et_pb_column et_pb_column_3  et_pb_css_mix_blend_mode et_block_column\">\n\t\t\t\t\n\t\t\t\t\n\t\t\t\t\n\t\t\t\t\n\t\t\t\t<div class=\"et_pb_module et_d4_element et_pb_image et_pb_image_3\">\n\t\t\t\t\n\t\t\t\t\n\t\t\t\t\n\t\t\t\t\n\t\t\t\t<a href=\"https:\/\/laguerre-groupe.fr\/en\/vehicle-care\/\"><span class=\"et_pb_image_wrap \"><img loading=\"lazy\" decoding=\"async\" width=\"612\" height=\"408\" src=\"https:\/\/laguerre-groupe.fr\/wp-content\/uploads\/2022\/02\/soin-vehicule.jpeg\" alt=\"\" title=\"vehicle care\" srcset=\"https:\/\/laguerre-groupe.fr\/wp-content\/uploads\/2022\/02\/soin-vehicule.jpeg 612w, https:\/\/laguerre-groupe.fr\/wp-content\/uploads\/2022\/02\/soin-vehicule-480x320.jpeg 480w\" sizes=\"(min-width: 0px) and (max-width: 480px) 480px, (min-width: 481px) 612px, 100vw\" class=\"wp-image-2142\" \/><\/span><\/a>\n\t\t\t<\/div><div class=\"et_pb_button_module_wrapper et_pb_button_3_wrapper et_pb_button_alignment_center et_pb_module \">\n\t\t\t\t<a class=\"et_pb_button et_d4_element et_pb_button_3 et_animated et_hover_enabled et_pb_bg_layout_dark et_block_module\" href=\"https:\/\/laguerre-groupe.fr\/en\/coatings\/\" data-icon=\"5\">See products<\/a>\n\t\t\t<\/div><div class=\"et_pb_module et_d4_element et_pb_text et_pb_text_3 et_clickable  et_pb_text_align_center et_pb_bg_layout_light\">\n\t\t\t\t\n\t\t\t\t\n\t\t\t\t\n\t\t\t\t\n\t\t\t\t<div class=\"et_pb_text_inner\"><h4 class=\"et_pb_module_header et-fb-editable-element et-fb-editable-element__editing\" data-shortcode-id=\"1.1.0.0-1639349987515\" data-quickaccess-id=\"header\" contenteditable=\"true\"><span style=\"color: #000080;\">Vehicle care<\/span><\/h4>\n<p style=\"text-align: justify;\">Le groupe LAGUERRE met au point et fabrique une gamme professionnelle compl\u00e8te allant du d\u00e9tergent \u00e0 la cosm\u00e9tique automobile, en passant par le mat\u00e9riel d\u2019application.<\/p><\/div>\n\t\t\t<\/div>\n\t\t\t<\/div><div class=\"et_d4_element et_pb_column_1_3 et_pb_column et_pb_column_4  et_pb_css_mix_blend_mode et_block_column\">\n\t\t\t\t\n\t\t\t\t\n\t\t\t\t\n\t\t\t\t\n\t\t\t\t<div class=\"et_pb_module et_d4_element et_pb_image et_pb_image_4\">\n\t\t\t\t\n\t\t\t\t\n\t\t\t\t\n\t\t\t\t\n\t\t\t\t<a href=\"https:\/\/laguerre-groupe.fr\/en\/tolling-agreement-and-rd\/\"><span class=\"et_pb_image_wrap \"><img loading=\"lazy\" decoding=\"async\" width=\"350\" height=\"235\" src=\"https:\/\/laguerre-groupe.fr\/wp-content\/uploads\/2021\/10\/header-2-350x235-1.jpg\" alt=\"\" title=\"header-2-350x235\" srcset=\"https:\/\/laguerre-groupe.fr\/wp-content\/uploads\/2021\/10\/header-2-350x235-1.jpg 350w, https:\/\/laguerre-groupe.fr\/wp-content\/uploads\/2021\/10\/header-2-350x235-1-300x201.jpg 300w\" sizes=\"(max-width: 350px) 100vw, 350px\" class=\"wp-image-130\" \/><\/span><\/a>\n\t\t\t<\/div><div class=\"et_pb_button_module_wrapper et_pb_button_4_wrapper et_pb_button_alignment_center et_pb_module \">\n\t\t\t\t<a class=\"et_pb_button et_d4_element et_pb_button_4 et_animated et_hover_enabled et_pb_bg_layout_dark et_block_module\" href=\"https:\/\/laguerre-groupe.fr\/en\/coatings\/\" data-icon=\"5\">See products<\/a>\n\t\t\t<\/div><div class=\"et_pb_module et_d4_element et_pb_text et_pb_text_4 et_clickable  et_pb_text_align_center et_pb_bg_layout_light\">\n\t\t\t\t\n\t\t\t\t\n\t\t\t\t\n\t\t\t\t\n\t\t\t\t<div class=\"et_pb_text_inner\"><h4 class=\"et_pb_module_header et-fb-editable-element et-fb-editable-element__editing\" data-shortcode-id=\"1.1.1.0-1639349987557\" data-quickaccess-id=\"header\" contenteditable=\"true\"><span style=\"color: #000080;\">Tolling agreement and R&amp;D<\/span><\/h4>\n<p style=\"text-align: justify;\">Signatory to the Responsible Care charter, the Laguerre Group formulates, manufactures, packages and stores under contract to suit your needs, in compliance with ICPE and HSE regulations, under the ISO 9001 standard.<a href=\"#\"><\/a><\/p><\/div>\n\t\t\t<\/div>\n\t\t\t<\/div><div class=\"et_d4_element et_pb_column_1_3 et_pb_column et_pb_column_5  et_pb_css_mix_blend_mode et-last-child et_block_column\">\n\t\t\t\t\n\t\t\t\t\n\t\t\t\t\n\t\t\t\t\n\t\t\t\t<div class=\"et_pb_module et_d4_element et_pb_image et_pb_image_5\">\n\t\t\t\t\n\t\t\t\t\n\t\t\t\t\n\t\t\t\t\n\t\t\t\t<a href=\"https:\/\/laguerre-groupe.fr\/en\/specialties\/\"><span class=\"et_pb_image_wrap \"><img loading=\"lazy\" decoding=\"async\" width=\"350\" height=\"235\" src=\"https:\/\/laguerre-groupe.fr\/wp-content\/uploads\/2021\/10\/specialties.jpg\" alt=\"\" title=\"specialties\" srcset=\"https:\/\/laguerre-groupe.fr\/wp-content\/uploads\/2021\/10\/specialties.jpg 350w, https:\/\/laguerre-groupe.fr\/wp-content\/uploads\/2021\/10\/specialties-300x201.jpg 300w\" sizes=\"(max-width: 350px) 100vw, 350px\" class=\"wp-image-87\" \/><\/span><\/a>\n\t\t\t<\/div><div class=\"et_pb_button_module_wrapper et_pb_button_5_wrapper et_pb_button_alignment_center et_pb_module \">\n\t\t\t\t<a class=\"et_pb_button et_d4_element et_pb_button_5 et_animated et_hover_enabled et_pb_bg_layout_dark et_block_module\" href=\"https:\/\/laguerre-groupe.fr\/en\/coatings\/\" data-icon=\"5\">See products<\/a>\n\t\t\t<\/div><div class=\"et_pb_module et_d4_element et_pb_text et_pb_text_5 et_clickable  et_pb_text_align_center et_pb_bg_layout_light\">\n\t\t\t\t\n\t\t\t\t\n\t\t\t\t\n\t\t\t\t\n\t\t\t\t<div class=\"et_pb_text_inner\"><h4 class=\"et_pb_module_header et-fb-editable-element et-fb-editable-element__editing\" data-shortcode-id=\"1.1.2.0-1639349987603\" data-quickaccess-id=\"header\" contenteditable=\"true\"><span style=\"color: #000080;\">Specialties<\/span><\/h4>\n<p style=\"text-align: justify;\"><span style=\"font-size: 14px; text-align: left;\">Le groupe LAGUERRE met au point et fabrique des produits de chimie fine ou chimie de sp\u00e9cialit\u00e9 au c\u0153ur de toutes les industries. Nous fabriquons une large gamme de produits innovants r\u00e9pondant aux besoins sp\u00e9cifiques et techniques dans le plus grand respect d\u2019objectifs RSE.<\/span><\/p><\/div>\n\t\t\t<\/div>\n\t\t\t<\/div>\n\t\t\t\t\n\t\t\t\t\n\t\t\t\t\n\t\t\t\t\n\t\t\t<\/div>\n\t\t\t\t\n\t\t\t\t\n\t\t\t<\/div><div class=\"et_d4_element et_pb_section et_pb_section_2 et_pb_section_parallax et_pb_with_background  et_pb_css_mix_blend_mode et_section_regular et_block_section\" >\n\t\t\t\t\n\t\t\t\t<span class=\"et_parallax_bg_wrap et-pb-parallax-wrapper\"><span\n\t\t\t\t\t\tclass=\"et_parallax_bg et_parallax_bg--et_pb_section_2\"\n\t\t\t\t\t\tstyle=\"background-image: url(https:\/\/laguerre-groupe.fr\/wp-content\/uploads\/2021\/10\/header-1.jpg);\"\n\t\t\t\t\t><\/span><\/span>\n\t\t\t\t\n\t\t\t\t\n\t\t\t\t\n\t\t\t\t\n\t\t\t\t\n\t\t\t\t\n\t\t\t\t\n\t\t\t<\/div><div class=\"et_d4_element et_pb_section et_pb_section_3 et_pb_with_background  et_pb_css_mix_blend_mode et_section_regular et_block_section\" >\n\t\t\t\t\n\t\t\t\t\n\t\t\t\t\n\t\t\t\t\n\t\t\t\t\n\t\t\t\t\n\t\t\t\t<div class=\"et_d4_element et_pb_row et_pb_row_2  et_pb_css_mix_blend_mode et_block_row\">\n\t\t\t\t<div class=\"et_d4_element et_pb_column_1_2 et_pb_column et_pb_column_6  et_pb_css_mix_blend_mode et_block_column\">\n\t\t\t\t\n\t\t\t\t\n\t\t\t\t\n\t\t\t\t\n\t\t\t\t<div class=\"et_pb_module et_d4_element et_pb_video et_pb_video_0\">\n\t\t\t\t\n\t\t\t\t\n\t\t\t\t\n\t\t\t\t\n\t\t\t\t<div class=\"et_pb_video_box\"><iframe loading=\"lazy\" title=\"Presentation Groupe Laguerre\" src=\"https:\/\/player.vimeo.com\/video\/366202844?dnt=1&amp;app_id=122963\" width=\"1080\" height=\"608\" frameborder=\"0\" allow=\"autoplay; fullscreen; picture-in-picture; clipboard-write; encrypted-media; web-share\" referrerpolicy=\"strict-origin-when-cross-origin\"><\/iframe><\/div>\n\t\t\t\t\n\t\t\t<\/div>\n\t\t\t<\/div><div class=\"et_d4_element et_pb_column_1_2 et_pb_column et_pb_column_7  et_pb_css_mix_blend_mode et-last-child et_block_column\">\n\t\t\t\t\n\t\t\t\t\n\t\t\t\t\n\t\t\t\t\n\t\t\t\t<div class=\"et_pb_module et_d4_element et_pb_text et_pb_text_6  et_pb_text_align_justified et_pb_bg_layout_light\">\n\t\t\t\t\n\t\t\t\t\n\t\t\t\t\n\t\t\t\t\n\t\t\t\t<div class=\"et_pb_text_inner\"><h4 style=\"text-align: center;\"><strong style=\"font-size: 18px;\"><span style=\"color: #000080;\">Laguerre, depuis 1860 !<\/span><\/strong><\/h4>\n<p><strong><span style=\"color: #000080;\"><\/span><\/strong><\/p>\n<p>Qualit\u00e9, efficience pour une formulation r\u00e9ussie. Le si\u00e8ge du groupe Laguerre se situe pr\u00e8s de la seine \u00e0 Saint-\u00c9tienne-du-Rouvray en Normandie. The Laguerre group specializes in the manufacture of chemical products: paints, varnishes, thinners, solvents, PVC additives, detergents, treatment of industrial effluents and process water for both professional and private customers. Nos peintures pour l\u2019industrie, le b\u00e2timent et les sols et peuvent \u00eatre \u00e9colabel, en phase aqueuse, avec ou sans solvant. Pour r\u00e9pondre \u00e0 vos besoins nous disposons d\u2019\u00e9quipements de production performants et modernes. Nos laboratoires de recherche et d\u00e9veloppement ainsi que nos laboratoires de contr\u00f4le contribuent \u00e0 la mise au point de produits adapt\u00e9s aux normes en cours. Notre site de production est en compl\u00e8te r\u00e9tention pour respecter les normes environnementales en vigueur. Toutes nos installations class\u00e9es sont en conformit\u00e9 avec les arr\u00eat\u00e9s pr\u00e9fectoraux. (Arr\u00eat\u00e9 1432 stockage liquide inflammable).<\/p><\/div>\n\t\t\t<\/div>\n\t\t\t<\/div>\n\t\t\t\t\n\t\t\t\t\n\t\t\t\t\n\t\t\t\t\n\t\t\t<\/div>\n\t\t\t\t\n\t\t\t\t\n\t\t\t<\/div><div class=\"et_d4_element et_pb_section et_pb_section_4 et_pb_with_background  et_pb_css_mix_blend_mode et_pb_fullwidth_section et_section_regular et_block_section\" >\n\t\t\t\t\n\t\t\t\t\n\t\t\t\t\n\t\t\t\t\n\t\t\t\t\n\t\t\t\t\n\t\t\t\t<div class=\"et_pb_module et_d4_element et_pb_fullwidth_slider_0 et_pb_slider\">\n\t\t\t\t<div class=\"et_pb_slides\">\n\t\t\t\t\t<div class=\"et_d4_element et_pb_slide et_pb_slide_0  et_pb_css_mix_blend_mode et_pb_bg_layout_dark et_pb_slide_with_image et_pb_media_alignment_center et-pb-active-slide\" data-slide-id=\"et_pb_slide_0\">\n\t\t\t\t\n\t\t\t\t\n\t\t\t\t<div class=\"et_pb_container clearfix\">\n\t\t\t\t\t<div class=\"et_pb_slider_container_inner\">\n\t\t\t\t\t\t<div class=\"et_pb_slide_image\"><img loading=\"lazy\" decoding=\"async\" width=\"657\" height=\"380\" src=\"https:\/\/laguerre-groupe.fr\/wp-content\/uploads\/2021\/10\/laguerre-groupe.png\" alt=\"\" srcset=\"https:\/\/laguerre-groupe.fr\/wp-content\/uploads\/2021\/10\/laguerre-groupe.png 657w, https:\/\/laguerre-groupe.fr\/wp-content\/uploads\/2021\/10\/laguerre-groupe-480x278.png 480w\" sizes=\"(min-width: 0px) and (max-width: 480px) 480px, (min-width: 481px) 657px, 100vw\" class=\"wp-image-374\" \/><\/div>\n\t\t\t\t\t\t<div class=\"et_pb_slide_description\">\n\t\t\t\t\t\t\t<h2 class=\"et_pb_slide_title\"><a href=\"https:\/\/laguerre-store.com\/\">Laguerre Store<\/a><\/h2><div class=\"et_pb_slide_content\"><p>Sp\u00e9cialiste des rev\u00eatements techniques de sol depuis 160 ans, vous pouvez retrouver nos peintures et nos accessoires sur notre boutique en ligne.<\/p><\/div>\n\t\t\t\t\t\t\t<div class=\"et_pb_button_wrapper\"><a class=\"et_pb_button et_pb_more_button\" href=\"https:\/\/laguerre-store.com\/\" target=\"_blank\">Visiter notre boutique en ligne<\/a><\/div>\n\t\t\t\t\t\t<\/div>\n\t\t\t\t\t<\/div>\n\t\t\t\t<\/div>\n\t\t\t\t\n\t\t\t\t\n\t\t\t\t\n\t\t\t<\/div>\n\t\t\t<div class=\"et_d4_element et_pb_slide et_pb_slide_1  et_pb_css_mix_blend_mode et_pb_bg_layout_dark et_pb_slide_with_image et_pb_media_alignment_center\" data-slide-id=\"et_pb_slide_1\">\n\t\t\t\t\n\t\t\t\t\n\t\t\t\t<div class=\"et_pb_container clearfix\">\n\t\t\t\t\t<div class=\"et_pb_slider_container_inner\">\n\t\t\t\t\t\t<div class=\"et_pb_slide_image\"><img loading=\"lazy\" decoding=\"async\" width=\"500\" height=\"177\" src=\"https:\/\/laguerre-groupe.fr\/wp-content\/uploads\/2021\/10\/lemarchand-1.png\" alt=\"\" srcset=\"https:\/\/laguerre-groupe.fr\/wp-content\/uploads\/2021\/10\/lemarchand-1.png 500w, https:\/\/laguerre-groupe.fr\/wp-content\/uploads\/2021\/10\/lemarchand-1-480x170.png 480w\" sizes=\"(min-width: 0px) and (max-width: 480px) 480px, (min-width: 481px) 500px, 100vw\" class=\"wp-image-123\" \/><\/div>\n\t\t\t\t\t\t<div class=\"et_pb_slide_description\">\n\t\t\t\t\t\t\t<h2 class=\"et_pb_slide_title\"><a href=\"https:\/\/gifel-mousse.fr\">Lemarchand Fr\u00e8res<\/a><\/h2><div class=\"et_pb_slide_content\"><p>Sp\u00e9cialistes depuis 50 ans de produits adapt\u00e9s aux besoins sp\u00e9cifiques des infrastructures agricoles et \u00e0 votre disposition pour r\u00e9soudre vos probl\u00e8mes li\u00e9s \u00e0 la conservation des b\u00e2timents et \u00e9quipements.<\/p><\/div>\n\t\t\t\t\t\t\t<div class=\"et_pb_button_wrapper\"><a class=\"et_pb_button et_pb_more_button\" href=\"https:\/\/gifel-mousse.fr\" target=\"_blank\">En savoir plus<\/a><\/div>\n\t\t\t\t\t\t<\/div>\n\t\t\t\t\t<\/div>\n\t\t\t\t<\/div>\n\t\t\t\t\n\t\t\t\t\n\t\t\t\t\n\t\t\t<\/div>\n\t\t\t<div class=\"et_d4_element et_pb_slide et_pb_slide_2  et_pb_css_mix_blend_mode et_pb_bg_layout_dark et_pb_slide_with_image et_pb_media_alignment_center\" data-slide-id=\"et_pb_slide_2\">\n\t\t\t\t\n\t\t\t\t\n\t\t\t\t<div class=\"et_pb_container clearfix\">\n\t\t\t\t\t<div class=\"et_pb_slider_container_inner\">\n\t\t\t\t\t\t<div class=\"et_pb_slide_image\"><img loading=\"lazy\" decoding=\"async\" width=\"657\" height=\"380\" src=\"https:\/\/laguerre-groupe.fr\/wp-content\/uploads\/2021\/10\/laguerre-groupe.png\" alt=\"\" srcset=\"https:\/\/laguerre-groupe.fr\/wp-content\/uploads\/2021\/10\/laguerre-groupe.png 657w, https:\/\/laguerre-groupe.fr\/wp-content\/uploads\/2021\/10\/laguerre-groupe-480x278.png 480w\" sizes=\"(min-width: 0px) and (max-width: 480px) 480px, (min-width: 481px) 657px, 100vw\" class=\"wp-image-374\" \/><\/div>\n\t\t\t\t\t\t<div class=\"et_pb_slide_description\">\n\t\t\t\t\t\t\t<h2 class=\"et_pb_slide_title\"><a href=\"https:\/\/gha.store\/\">GHA Store<\/a><\/h2><div class=\"et_pb_slide_content\"><p>In response to the Covid-19 crisis, we manufacture hydroalcoholic gel.<\/p><\/div>\n\t\t\t\t\t\t\t<div class=\"et_pb_button_wrapper\"><a class=\"et_pb_button et_pb_more_button\" href=\"https:\/\/gha.store\/\" target=\"_blank\">Visiter notre boutique en ligne<\/a><\/div>\n\t\t\t\t\t\t<\/div>\n\t\t\t\t\t<\/div>\n\t\t\t\t<\/div>\n\t\t\t\t\n\t\t\t\t\n\t\t\t\t\n\t\t\t<\/div>\n\t\t\t\n\t\t\t\t<\/div>\n\t\t\t\t\n\t\t\t<\/div>\n\t\t\t\n\t\t\t\t\n\t\t\t\t\n\t\t\t<\/div><\/p>\n","protected":false},"excerpt":{"rendered":"","protected":false},"author":1,"featured_media":0,"parent":0,"menu_order":0,"comment_status":"closed","ping_status":"closed","template":"","meta":{"_et_pb_use_builder":"on","_et_pb_old_content":"","_et_gb_content_width":"","footnotes":""},"class_list":["post-1078","page","type-page","status-publish","hentry"],"_links":{"self":[{"href":"https:\/\/laguerre-groupe.fr\/en\/wp-json\/wp\/v2\/pages\/1078","targetHints":{"allow":["GET"]}}],"collection":[{"href":"https:\/\/laguerre-groupe.fr\/en\/wp-json\/wp\/v2\/pages"}],"about":[{"href":"https:\/\/laguerre-groupe.fr\/en\/wp-json\/wp\/v2\/types\/page"}],"author":[{"embeddable":true,"href":"https:\/\/laguerre-groupe.fr\/en\/wp-json\/wp\/v2\/users\/1"}],"replies":[{"embeddable":true,"href":"https:\/\/laguerre-groupe.fr\/en\/wp-json\/wp\/v2\/comments?post=1078"}],"version-history":[{"count":34,"href":"https:\/\/laguerre-groupe.fr\/en\/wp-json\/wp\/v2\/pages\/1078\/revisions"}],"predecessor-version":[{"id":2171,"href":"https:\/\/laguerre-groupe.fr\/en\/wp-json\/wp\/v2\/pages\/1078\/revisions\/2171"}],"wp:attachment":[{"href":"https:\/\/laguerre-groupe.fr\/en\/wp-json\/wp\/v2\/media?parent=1078"}],"curies":[{"name":"wp","href":"https:\/\/api.w.org\/{rel}","templated":true}]}}